{"id":1122,"date":"2025-05-15T13:16:36","date_gmt":"2025-05-15T06:16:36","guid":{"rendered":"https:\/\/www.ngheanhospital.vn\/?page_id=1122"},"modified":"2025-07-17T14:54:51","modified_gmt":"2025-07-17T07:54:51","slug":"hoi-dap","status":"publish","type":"page","link":"https:\/\/ngheanhospital.com\/vi\/hoi-dap\/","title":{"rendered":"H\u1ecfi &#8211; \u0110\u00e1p"},"content":{"rendered":"<p><strong>1. \u0110\u1ecba ch\u1ec9 B\u1ec7nh vi\u1ec7n H\u1eefu ngh\u1ecb \u0110a khoa Ngh\u1ec7 An \u2013 Giai \u0111o\u1ea1n 2 \u1edf \u0111\u00e2u?<\/strong><\/p>\n<p><em><span style=\"font-size: 16px;\">B\u1ec7nh vi\u1ec7n H\u1eefu ngh\u1ecb \u0110a khoa Ngh\u1ec7 An \u2013 Giai \u0111o\u1ea1n 2 c\u00f3 \u0111\u1ecba ch\u1ec9 t\u1ea1i Km s\u1ed1 5, \u0111\u1ea1i l\u1ed9 L\u00ea Nin, ph\u01b0\u1eddng Nghi Ph\u00fa, TP Vinh, Ngh\u1ec7 An.<\/span><\/em><\/p>\n<p><strong>2. Ng\u01b0\u1eddi b\u1ec7nh c\u1ea7n chu\u1ea9n b\u1ecb nh\u1eefng g\u00ec tr\u01b0\u1edbc khi \u0111\u1ebfn kh\u00e1m?<\/strong><\/p>\n<p><em><span style=\"font-size: 16px;\">Ng\u01b0\u1eddi b\u1ec7nh c\u1ea7n mang theo \u0111\u1ea7y \u0111\u1ee7 gi\u1ea5y t\u1edd t\u00f9y th\u00e2n: Ch\u1ee9ng minh th\u01b0 nh\u00e2n d\u00e2n ho\u1eb7c h\u1ed9 chi\u1ebfu, b\u1ea3o hi\u1ec3m y t\u1ebf\/nh\u00e2n th\u1ecd,\u2026N\u00ean mang theo c\u00e1c k\u1ebft qu\u1ea3 x\u00e9t nghi\u1ec7m, \u0111\u01a1n thu\u1ed1c c\u0169 n\u1ebfu c\u00f3.<\/span><\/em><\/p>\n<p><em><span style=\"font-size: 16px;\">M\u1ed9t s\u1ed1 v\u1ea5n \u0111\u1ec1 c\u1ea7n l\u01b0u \u00fd:<\/span><\/em><\/p>\n<ul>\n<li><em><span style=\"font-size: 16px;\">Kh\u00e1ch h\u00e0ng \u0111ang \u0111i\u1ec1u tr\u1ecb T\u0103ng huy\u1ebft \u00e1p, b\u1ec7nh tim m\u1ea1ch: V\u1eabn d\u00f9ng thu\u1ed1c theo \u0111\u01a1n h\u00e0ng ng\u00e0y.<\/span><\/em><\/li>\n<li><em><span style=\"font-size: 16px;\">\u0110ang \u0111i\u1ec1u tr\u1ecb \u0110\u00e1i th\u00e1o \u0111\u01b0\u1eddng: Kh\u00f4ng n\u00ean d\u00f9ng thu\u1ed1c u\u1ed1ng ho\u1eb7c ti\u00eam insulin v\u00e0o bu\u1ed5i s\u00e1ng khi \u0111\u1ebfn kh\u00e1m.<\/span><\/em><\/li>\n<li><em><span style=\"font-size: 16px;\">Kh\u00e1ch h\u00e0ng c\u00f3 b\u1ec7nh t\u1eadt v\u1ec1 m\u1eaft: H\u00e3y mang theo k\u00ednh \u0111ang d\u00f9ng \u0111\u1ec3 ki\u1ec3m tra th\u1ecb l\u1ef1c. Kh\u00f4ng n\u00ean \u0111eo k\u00ednh \u00e1p tr\u00f2ng v\u00e0o ng\u00e0y kh\u00e1m.<\/span><\/em><\/li>\n<li><em><span style=\"font-size: 16px;\">\u0110\u1ec3 tho\u1ea3i m\u00e1i trong qu\u00e1 tr\u00ecnh th\u0103m kh\u00e1m n\u00ean tr\u00e1nh m\u1eb7c qu\u1ea7n \u00e1o b\u00f3 qu\u00e1 ch\u1eadt hay m\u1eb7c v\u00e1y li\u1ec1n th\u00e2n.<\/span><\/em><\/li>\n<\/ul>\n<p><strong>3. \u0110\u0103ng k\u00fd thai s\u1ea3n tr\u1ecdn g\u00f3i t\u1eeb khi n\u00e0o?<\/strong><\/p>\n<p><em>\u0110\u0103ng k\u00fd d\u1ecbch v\u1ee5 thai s\u1ea3n tr\u1ecdn g\u00f3i\u00a0m\u1eb9 s\u1ebd nh\u1eadn \u0111\u01b0\u1ee3c s\u1ef1\u00a0\u0111\u1ed3ng h\u00e0nh c\u1ee7a c\u00e1c b\u00e1c s\u0129 c\u00f3 chuy\u00ean m\u00f4n trong su\u1ed1t qu\u00e1 tr\u00ecnh t\u1eeb khi mang thai, \u0111\u1ebfn l\u00fac l\u00ean b\u00e0n \u0111\u1ebb v\u00e0 cu\u1ed1i c\u00f9ng l\u00e0 th\u1eddi gian sau sinh. M\u1eb9 c\u00f3 th\u1ec3 \u0111\u0103ng k\u00fd d\u1ecbch v\u1ee5 n\u00e0y ngay t\u1eeb nh\u1eefng tu\u1ea7n \u0111\u1ea7u mang thai.<\/em><\/p>\n","protected":false},"excerpt":{"rendered":"<p>1. \u0110\u1ecba ch\u1ec9 B\u1ec7nh vi\u1ec7n H\u1eefu ngh\u1ecb \u0110a khoa Ngh\u1ec7 An \u2013 Giai \u0111o\u1ea1n 2 \u1edf \u0111\u00e2u? B\u1ec7nh vi\u1ec7n H\u1eefu ngh\u1ecb \u0110a khoa Ngh\u1ec7 An \u2013 Giai \u0111o\u1ea1n 2 c\u00f3 \u0111\u1ecba ch\u1ec9 t\u1ea1i Km s\u1ed1 5, \u0111\u1ea1i l\u1ed9 L\u00ea Nin, ph\u01b0\u1eddng Nghi Ph\u00fa, TP Vinh, Ngh\u1ec7 An. 2. Ng\u01b0\u1eddi b\u1ec7nh c\u1ea7n chu\u1ea9n b\u1ecb nh\u1eefng g\u00ec [&hellip;]<\/p>\n","protected":false},"author":3,"featured_media":0,"parent":0,"menu_order":0,"comment_status":"closed","ping_status":"closed","template":"","meta":{"_acf_changed":false,"footnotes":""},"class_list":["post-1122","page","type-page","status-publish","hentry"],"acf":[],"yoast_head":"<!-- This site is optimized with the Yoast SEO Premium plugin v24.5 (Yoast SEO v27.3) - https:\/\/yoast.com\/product\/yoast-seo-premium-wordpress\/ -->\n<title>H\u1ecfi - \u0110\u00e1p - B\u1ec6NH VI\u1ec6N H\u1eeeU NGH\u1eca \u0110A KHOA NGH\u1ec6 AN - GIAI \u0110O\u1ea0N 2<\/title>\n<meta name=\"robots\" content=\"index, follow, max-snippet:-1, max-image-preview:large, max-video-preview:-1\" \/>\n<link rel=\"canonical\" href=\"https:\/\/ngheanhospital.vn\/vi\/hoi-dap\/\" \/>\n<meta property=\"og:locale\" content=\"vi_VN\" \/>\n<meta property=\"og:type\" content=\"article\" \/>\n<meta property=\"og:title\" content=\"H\u1ecfi - \u0110\u00e1p\" \/>\n<meta property=\"og:description\" content=\"1. \u0110\u1ecba ch\u1ec9 B\u1ec7nh vi\u1ec7n H\u1eefu ngh\u1ecb \u0110a khoa Ngh\u1ec7 An \u2013 Giai \u0111o\u1ea1n 2 \u1edf \u0111\u00e2u? B\u1ec7nh vi\u1ec7n H\u1eefu ngh\u1ecb \u0110a khoa Ngh\u1ec7 An \u2013 Giai \u0111o\u1ea1n 2 c\u00f3 \u0111\u1ecba ch\u1ec9 t\u1ea1i Km s\u1ed1 5, \u0111\u1ea1i l\u1ed9 L\u00ea Nin, ph\u01b0\u1eddng Nghi Ph\u00fa, TP Vinh, Ngh\u1ec7 An. 2. Ng\u01b0\u1eddi b\u1ec7nh c\u1ea7n chu\u1ea9n b\u1ecb nh\u1eefng g\u00ec [&hellip;]\" \/>\n<meta property=\"og:url\" content=\"https:\/\/ngheanhospital.vn\/vi\/hoi-dap\/\" \/>\n<meta property=\"og:site_name\" content=\"B\u1ec6NH VI\u1ec6N H\u1eeeU NGH\u1eca \u0110A KHOA NGH\u1ec6 AN - GIAI \u0110O\u1ea0N 2\" \/>\n<meta property=\"article:publisher\" content=\"https:\/\/www.facebook.com\/ngheanhospital\" \/>\n<meta property=\"article:modified_time\" content=\"2025-07-17T07:54:51+00:00\" \/>\n<meta property=\"og:image\" content=\"https:\/\/ngheanhospital.com\/wp-content\/uploads\/2025\/03\/COVER-01-01-e1720950971581.png\" \/>\n\t<meta property=\"og:image:width\" content=\"1920\" \/>\n\t<meta property=\"og:image:height\" content=\"731\" \/>\n\t<meta property=\"og:image:type\" content=\"image\/png\" \/>\n<meta name=\"twitter:card\" content=\"summary_large_image\" \/>\n<meta name=\"twitter:label1\" content=\"\u01af\u1edbc t\u00ednh th\u1eddi gian \u0111\u1ecdc\" \/>\n\t<meta name=\"twitter:data1\" content=\"2 ph\u00fat\" \/>\n<script type=\"application\/ld+json\" class=\"yoast-schema-graph\">{\"@context\":\"https:\\\/\\\/schema.org\",\"@graph\":[{\"@type\":\"WebPage\",\"@id\":\"https:\\\/\\\/ngheanhospital.vn\\\/vi\\\/hoi-dap\\\/\",\"url\":\"https:\\\/\\\/ngheanhospital.vn\\\/vi\\\/hoi-dap\\\/\",\"name\":\"H\u1ecfi - \u0110\u00e1p - B\u1ec6NH VI\u1ec6N H\u1eeeU NGH\u1eca \u0110A KHOA NGH\u1ec6 AN - GIAI \u0110O\u1ea0N 2\",\"isPartOf\":{\"@id\":\"https:\\\/\\\/ngheanhospital.com\\\/vi\\\/#website\"},\"datePublished\":\"2025-05-15T06:16:36+00:00\",\"dateModified\":\"2025-07-17T07:54:51+00:00\",\"breadcrumb\":{\"@id\":\"https:\\\/\\\/ngheanhospital.vn\\\/vi\\\/hoi-dap\\\/#breadcrumb\"},\"inLanguage\":\"vi\",\"potentialAction\":[{\"@type\":\"ReadAction\",\"target\":[\"https:\\\/\\\/ngheanhospital.vn\\\/vi\\\/hoi-dap\\\/\"]}]},{\"@type\":\"BreadcrumbList\",\"@id\":\"https:\\\/\\\/ngheanhospital.vn\\\/vi\\\/hoi-dap\\\/#breadcrumb\",\"itemListElement\":[{\"@type\":\"ListItem\",\"position\":1,\"name\":\"Home\",\"item\":\"https:\\\/\\\/ngheanhospital.com\\\/vi\\\/\"},{\"@type\":\"ListItem\",\"position\":2,\"name\":\"H\u1ecfi &#8211; \u0110\u00e1p\"}]},{\"@type\":\"WebSite\",\"@id\":\"https:\\\/\\\/ngheanhospital.com\\\/vi\\\/#website\",\"url\":\"https:\\\/\\\/ngheanhospital.com\\\/vi\\\/\",\"name\":\"B\u1ec7nh vi\u1ec7n H\u1eefu ngh\u1ecb \u0110a khoa Ngh\u1ec7 An Giai \u0110o\u1ea1n 2\",\"description\":\"Ph\u1ee5c v\u1ee5 t\u1eadn t\u00e2m - N\u00e2ng t\u1ea7m y \u0111\u1ee9c\",\"publisher\":{\"@id\":\"https:\\\/\\\/ngheanhospital.com\\\/vi\\\/#organization\"},\"alternateName\":\"B\u1ec7nh vi\u1ec7n \u0110a khoa t\u1ec9nh Ngh\u1ec7 An, B\u1ec7nh vi\u1ec7n HN\u0110KNA, B\u1ec7nh vi\u1ec7n HN\u0110K Ngh\u1ec7 An, B\u1ec7nh vi\u1ec7n Ba Lan m\u1edbi\",\"potentialAction\":[{\"@type\":\"SearchAction\",\"target\":{\"@type\":\"EntryPoint\",\"urlTemplate\":\"https:\\\/\\\/ngheanhospital.com\\\/vi\\\/?s={search_term_string}\"},\"query-input\":{\"@type\":\"PropertyValueSpecification\",\"valueRequired\":true,\"valueName\":\"search_term_string\"}}],\"inLanguage\":\"vi\"},{\"@type\":\"Organization\",\"@id\":\"https:\\\/\\\/ngheanhospital.com\\\/vi\\\/#organization\",\"name\":\"B\u1ec7nh vi\u1ec7n H\u1eefu ngh\u1ecb \u0110a khoa Ngh\u1ec7 An - Giai \u0111o\u1ea1n 2\",\"alternateName\":\"B\u1ec7nh vi\u1ec7n \u0110a khoa t\u1ec9nh Ngh\u1ec7 An, B\u1ec7nh vi\u1ec7n HN\u0110KNA, B\u1ec7nh vi\u1ec7n HN\u0110K Ngh\u1ec7 An, B\u1ec7nh vi\u1ec7n Ba Lan m\u1edbi\",\"url\":\"https:\\\/\\\/ngheanhospital.com\\\/vi\\\/\",\"logo\":{\"@type\":\"ImageObject\",\"inLanguage\":\"vi\",\"@id\":\"https:\\\/\\\/ngheanhospital.com\\\/vi\\\/#\\\/schema\\\/logo\\\/image\\\/\",\"url\":\"https:\\\/\\\/ngheanhospital.vn\\\/wp-content\\\/uploads\\\/2024\\\/08\\\/LOGO-NAH.png\",\"contentUrl\":\"https:\\\/\\\/ngheanhospital.vn\\\/wp-content\\\/uploads\\\/2024\\\/08\\\/LOGO-NAH.png\",\"width\":4152,\"height\":1610,\"caption\":\"B\u1ec7nh vi\u1ec7n H\u1eefu ngh\u1ecb \u0110a khoa Ngh\u1ec7 An - Giai \u0111o\u1ea1n 2\"},\"image\":{\"@id\":\"https:\\\/\\\/ngheanhospital.com\\\/vi\\\/#\\\/schema\\\/logo\\\/image\\\/\"},\"sameAs\":[\"https:\\\/\\\/www.facebook.com\\\/ngheanhospital\"],\"description\":\"B\u1ec7nh vi\u1ec7n H\u1eefu ngh\u1ecb \u0110a khoa Ngh\u1ec7 An - Giai \u0111o\u1ea1n 2 N\u0103m 2016, B\u1ec7nh vi\u1ec7n H\u1eefu ngh\u1ecb \u0110a khoa Ngh\u1ec7 An - Giai \u0111o\u1ea1n 2 \u0111\u01b0\u1ee3c \u0111\u01b0\u1ee3c kh\u1edfi c\u00f4ng x\u00e2y d\u1ef1ng, l\u00e0 b\u1ec7nh vi\u1ec7n \u0111\u1ea7u ti\u00ean c\u1ee7a khu v\u1ef1c B\u1eafc Trung B\u1ed9 ho\u1ea1t \u0111\u1ed9ng theo h\u00ecnh th\u1ee9c h\u1ee3p t\u00e1c c\u00f4ng - t\u01b0 v\u1edbi ti\u00eau chu\u1ea9n b\u1ec7nh vi\u1ec7n cao c\u1ea5p. \u0110\u01b0\u1ee3c \u0111\u1ea7u t\u01b0 to\u00e0n di\u1ec7n t\u1eeb h\u1ea1 t\u1ea7ng c\u01a1 s\u1edf v\u1eadt ch\u1ea5t, ch\u1ea5t l\u01b0\u1ee3ng nh\u00e2n s\u1ef1 cho t\u1edbi thi\u1ebft b\u1ecb hi\u1ec7n \u0111\u1ea1i, d\u1eabn \u0111\u1ea7u c\u00f4ng ngh\u1ec7 y khoa, B\u1ec7nh vi\u1ec7n H\u1eefu ngh\u1ecb \u0110a khoa Ngh\u1ec7 An - Giai \u0111o\u1ea1n 2 h\u1ee9a h\u1eb9n s\u1ebd l\u00e0 \u0111\u1ecba ch\u1ec9 kh\u00e1m ch\u1eefa b\u1ec7nh v\u00e0 ch\u0103m s\u00f3c s\u1ee9c kh\u1ecfe \u0111\u01b0\u1ee3c nhi\u1ec1u kh\u00e1ch h\u00e0ng tin t\u01b0\u1edfng l\u1ef1a ch\u1ecdn v\u1edbi nh\u1eefng \u01b0u \u0111i\u1ec3m n\u1ed5i b\u1eadt: star-icon Quy m\u00f4 600 gi\u01b0\u1eddng n\u1ed9i tr\u00fa v\u1edbi g\u1ea7n 20 chuy\u00ean khoa l\u00e2m s\u00e0ng & c\u1eadn l\u00e2m s\u00e0ng star-icon \u0110\u1ed9i ng\u0169 h\u01a1n 300 y b\u00e1c s\u0129 gi\u00e0u kinh nghi\u1ec7m, t\u1eadn t\u00e2m, nhi\u1ec7t huy\u1ebft star-icon H\u1ec7 th\u1ed1ng trang thi\u1ebft b\u1ecb hi\u1ec7n \u0111\u1ea1i, d\u1eabn \u0111\u1ea7u ti\u1ebfn b\u1ed9 c\u1ee7a y h\u1ecdc star-icon D\u1ecbch v\u1ee5 ch\u0103m s\u00f3c s\u1ee9c kh\u1ecfe to\u00e0n di\u1ec7n chu\u1ea9n qu\u1ed1c t\u1ebf\",\"email\":\"info@ngheanhospital.com\",\"telephone\":\"0238 397 6666\",\"legalName\":\"B\u1ec7nh vi\u1ec7n H\u1eefu ngh\u1ecb \u0110a khoa Ngh\u1ec7 An - Giai \u0111o\u1ea1n 2\",\"foundingDate\":\"2025-01-24\",\"numberOfEmployees\":{\"@type\":\"QuantitativeValue\",\"minValue\":\"201\",\"maxValue\":\"500\"}}]}<\/script>\n<!-- \/ Yoast SEO Premium plugin. -->","yoast_head_json":{"title":"H\u1ecfi - \u0110\u00e1p - B\u1ec6NH VI\u1ec6N H\u1eeeU NGH\u1eca \u0110A KHOA NGH\u1ec6 AN - GIAI \u0110O\u1ea0N 2","robots":{"index":"index","follow":"follow","max-snippet":"max-snippet:-1","max-image-preview":"max-image-preview:large","max-video-preview":"max-video-preview:-1"},"canonical":"https:\/\/ngheanhospital.vn\/vi\/hoi-dap\/","og_locale":"vi_VN","og_type":"article","og_title":"H\u1ecfi - \u0110\u00e1p","og_description":"1. \u0110\u1ecba ch\u1ec9 B\u1ec7nh vi\u1ec7n H\u1eefu ngh\u1ecb \u0110a khoa Ngh\u1ec7 An \u2013 Giai \u0111o\u1ea1n 2 \u1edf \u0111\u00e2u? B\u1ec7nh vi\u1ec7n H\u1eefu ngh\u1ecb \u0110a khoa Ngh\u1ec7 An \u2013 Giai \u0111o\u1ea1n 2 c\u00f3 \u0111\u1ecba ch\u1ec9 t\u1ea1i Km s\u1ed1 5, \u0111\u1ea1i l\u1ed9 L\u00ea Nin, ph\u01b0\u1eddng Nghi Ph\u00fa, TP Vinh, Ngh\u1ec7 An. 2. Ng\u01b0\u1eddi b\u1ec7nh c\u1ea7n chu\u1ea9n b\u1ecb nh\u1eefng g\u00ec [&hellip;]","og_url":"https:\/\/ngheanhospital.vn\/vi\/hoi-dap\/","og_site_name":"B\u1ec6NH VI\u1ec6N H\u1eeeU NGH\u1eca \u0110A KHOA NGH\u1ec6 AN - GIAI \u0110O\u1ea0N 2","article_publisher":"https:\/\/www.facebook.com\/ngheanhospital","article_modified_time":"2025-07-17T07:54:51+00:00","og_image":[{"width":1920,"height":731,"url":"https:\/\/ngheanhospital.com\/wp-content\/uploads\/2025\/03\/COVER-01-01-e1720950971581.png","type":"image\/png"}],"twitter_card":"summary_large_image","twitter_misc":{"\u01af\u1edbc t\u00ednh th\u1eddi gian \u0111\u1ecdc":"2 ph\u00fat"},"schema":{"@context":"https:\/\/schema.org","@graph":[{"@type":"WebPage","@id":"https:\/\/ngheanhospital.vn\/vi\/hoi-dap\/","url":"https:\/\/ngheanhospital.vn\/vi\/hoi-dap\/","name":"H\u1ecfi - \u0110\u00e1p - B\u1ec6NH VI\u1ec6N H\u1eeeU NGH\u1eca \u0110A KHOA NGH\u1ec6 AN - GIAI \u0110O\u1ea0N 2","isPartOf":{"@id":"https:\/\/ngheanhospital.com\/vi\/#website"},"datePublished":"2025-05-15T06:16:36+00:00","dateModified":"2025-07-17T07:54:51+00:00","breadcrumb":{"@id":"https:\/\/ngheanhospital.vn\/vi\/hoi-dap\/#breadcrumb"},"inLanguage":"vi","potentialAction":[{"@type":"ReadAction","target":["https:\/\/ngheanhospital.vn\/vi\/hoi-dap\/"]}]},{"@type":"BreadcrumbList","@id":"https:\/\/ngheanhospital.vn\/vi\/hoi-dap\/#breadcrumb","itemListElement":[{"@type":"ListItem","position":1,"name":"Home","item":"https:\/\/ngheanhospital.com\/vi\/"},{"@type":"ListItem","position":2,"name":"H\u1ecfi &#8211; \u0110\u00e1p"}]},{"@type":"WebSite","@id":"https:\/\/ngheanhospital.com\/vi\/#website","url":"https:\/\/ngheanhospital.com\/vi\/","name":"B\u1ec7nh vi\u1ec7n H\u1eefu ngh\u1ecb \u0110a khoa Ngh\u1ec7 An Giai \u0110o\u1ea1n 2","description":"Ph\u1ee5c v\u1ee5 t\u1eadn t\u00e2m - N\u00e2ng t\u1ea7m y \u0111\u1ee9c","publisher":{"@id":"https:\/\/ngheanhospital.com\/vi\/#organization"},"alternateName":"B\u1ec7nh vi\u1ec7n \u0110a khoa t\u1ec9nh Ngh\u1ec7 An, B\u1ec7nh vi\u1ec7n HN\u0110KNA, B\u1ec7nh vi\u1ec7n HN\u0110K Ngh\u1ec7 An, B\u1ec7nh vi\u1ec7n Ba Lan m\u1edbi","potentialAction":[{"@type":"SearchAction","target":{"@type":"EntryPoint","urlTemplate":"https:\/\/ngheanhospital.com\/vi\/?s={search_term_string}"},"query-input":{"@type":"PropertyValueSpecification","valueRequired":true,"valueName":"search_term_string"}}],"inLanguage":"vi"},{"@type":"Organization","@id":"https:\/\/ngheanhospital.com\/vi\/#organization","name":"B\u1ec7nh vi\u1ec7n H\u1eefu ngh\u1ecb \u0110a khoa Ngh\u1ec7 An - Giai \u0111o\u1ea1n 2","alternateName":"B\u1ec7nh vi\u1ec7n \u0110a khoa t\u1ec9nh Ngh\u1ec7 An, B\u1ec7nh vi\u1ec7n HN\u0110KNA, B\u1ec7nh vi\u1ec7n HN\u0110K Ngh\u1ec7 An, B\u1ec7nh vi\u1ec7n Ba Lan m\u1edbi","url":"https:\/\/ngheanhospital.com\/vi\/","logo":{"@type":"ImageObject","inLanguage":"vi","@id":"https:\/\/ngheanhospital.com\/vi\/#\/schema\/logo\/image\/","url":"https:\/\/ngheanhospital.vn\/wp-content\/uploads\/2024\/08\/LOGO-NAH.png","contentUrl":"https:\/\/ngheanhospital.vn\/wp-content\/uploads\/2024\/08\/LOGO-NAH.png","width":4152,"height":1610,"caption":"B\u1ec7nh vi\u1ec7n H\u1eefu ngh\u1ecb \u0110a khoa Ngh\u1ec7 An - Giai \u0111o\u1ea1n 2"},"image":{"@id":"https:\/\/ngheanhospital.com\/vi\/#\/schema\/logo\/image\/"},"sameAs":["https:\/\/www.facebook.com\/ngheanhospital"],"description":"B\u1ec7nh vi\u1ec7n H\u1eefu ngh\u1ecb \u0110a khoa Ngh\u1ec7 An - Giai \u0111o\u1ea1n 2 N\u0103m 2016, B\u1ec7nh vi\u1ec7n H\u1eefu ngh\u1ecb \u0110a khoa Ngh\u1ec7 An - Giai \u0111o\u1ea1n 2 \u0111\u01b0\u1ee3c \u0111\u01b0\u1ee3c kh\u1edfi c\u00f4ng x\u00e2y d\u1ef1ng, l\u00e0 b\u1ec7nh vi\u1ec7n \u0111\u1ea7u ti\u00ean c\u1ee7a khu v\u1ef1c B\u1eafc Trung B\u1ed9 ho\u1ea1t \u0111\u1ed9ng theo h\u00ecnh th\u1ee9c h\u1ee3p t\u00e1c c\u00f4ng - t\u01b0 v\u1edbi ti\u00eau chu\u1ea9n b\u1ec7nh vi\u1ec7n cao c\u1ea5p. \u0110\u01b0\u1ee3c \u0111\u1ea7u t\u01b0 to\u00e0n di\u1ec7n t\u1eeb h\u1ea1 t\u1ea7ng c\u01a1 s\u1edf v\u1eadt ch\u1ea5t, ch\u1ea5t l\u01b0\u1ee3ng nh\u00e2n s\u1ef1 cho t\u1edbi thi\u1ebft b\u1ecb hi\u1ec7n \u0111\u1ea1i, d\u1eabn \u0111\u1ea7u c\u00f4ng ngh\u1ec7 y khoa, B\u1ec7nh vi\u1ec7n H\u1eefu ngh\u1ecb \u0110a khoa Ngh\u1ec7 An - Giai \u0111o\u1ea1n 2 h\u1ee9a h\u1eb9n s\u1ebd l\u00e0 \u0111\u1ecba ch\u1ec9 kh\u00e1m ch\u1eefa b\u1ec7nh v\u00e0 ch\u0103m s\u00f3c s\u1ee9c kh\u1ecfe \u0111\u01b0\u1ee3c nhi\u1ec1u kh\u00e1ch h\u00e0ng tin t\u01b0\u1edfng l\u1ef1a ch\u1ecdn v\u1edbi nh\u1eefng \u01b0u \u0111i\u1ec3m n\u1ed5i b\u1eadt: star-icon Quy m\u00f4 600 gi\u01b0\u1eddng n\u1ed9i tr\u00fa v\u1edbi g\u1ea7n 20 chuy\u00ean khoa l\u00e2m s\u00e0ng & c\u1eadn l\u00e2m s\u00e0ng star-icon \u0110\u1ed9i ng\u0169 h\u01a1n 300 y b\u00e1c s\u0129 gi\u00e0u kinh nghi\u1ec7m, t\u1eadn t\u00e2m, nhi\u1ec7t huy\u1ebft star-icon H\u1ec7 th\u1ed1ng trang thi\u1ebft b\u1ecb hi\u1ec7n \u0111\u1ea1i, d\u1eabn \u0111\u1ea7u ti\u1ebfn b\u1ed9 c\u1ee7a y h\u1ecdc star-icon D\u1ecbch v\u1ee5 ch\u0103m s\u00f3c s\u1ee9c kh\u1ecfe to\u00e0n di\u1ec7n chu\u1ea9n qu\u1ed1c t\u1ebf","email":"info@ngheanhospital.com","telephone":"0238 397 6666","legalName":"B\u1ec7nh vi\u1ec7n H\u1eefu ngh\u1ecb \u0110a khoa Ngh\u1ec7 An - Giai \u0111o\u1ea1n 2","foundingDate":"2025-01-24","numberOfEmployees":{"@type":"QuantitativeValue","minValue":"201","maxValue":"500"}}]}},"_links":{"self":[{"href":"https:\/\/ngheanhospital.com\/vi\/wp-json\/wp\/v2\/pages\/1122","targetHints":{"allow":["GET"]}}],"collection":[{"href":"https:\/\/ngheanhospital.com\/vi\/wp-json\/wp\/v2\/pages"}],"about":[{"href":"https:\/\/ngheanhospital.com\/vi\/wp-json\/wp\/v2\/types\/page"}],"author":[{"embeddable":true,"href":"https:\/\/ngheanhospital.com\/vi\/wp-json\/wp\/v2\/users\/3"}],"replies":[{"embeddable":true,"href":"https:\/\/ngheanhospital.com\/vi\/wp-json\/wp\/v2\/comments?post=1122"}],"version-history":[{"count":5,"href":"https:\/\/ngheanhospital.com\/vi\/wp-json\/wp\/v2\/pages\/1122\/revisions"}],"predecessor-version":[{"id":1355,"href":"https:\/\/ngheanhospital.com\/vi\/wp-json\/wp\/v2\/pages\/1122\/revisions\/1355"}],"wp:attachment":[{"href":"https:\/\/ngheanhospital.com\/vi\/wp-json\/wp\/v2\/media?parent=1122"}],"curies":[{"name":"wp","href":"https:\/\/api.w.org\/{rel}","templated":true}]}}