{"id":1116,"date":"2025-05-15T13:15:44","date_gmt":"2025-05-15T06:15:44","guid":{"rendered":"https:\/\/www.ngheanhospital.vn\/?page_id=1116"},"modified":"2025-05-19T11:20:08","modified_gmt":"2025-05-19T04:20:08","slug":"quy-dinh-tham-nom","status":"publish","type":"page","link":"https:\/\/ngheanhospital.com\/vi\/quy-dinh-tham-nom\/","title":{"rendered":"Quy \u0111\u1ecbnh th\u0103m nom"},"content":{"rendered":"<p>Nh\u1eb1m \u0111\u1ea3m b\u1ea3o an to\u00e0n cho ng\u01b0\u1eddi b\u1ec7nh, ng\u01b0\u1eddi th\u00e2n v\u00e0 nh\u00e2n vi\u00ean y t\u1ebf, B\u1ec7nh vi\u1ec7n HN\u0110K Ngh\u1ec7 An &#8211; Giai \u0111o\u1ea1n 2 th\u00f4ng b\u00e1o quy \u0111\u1ecbnh th\u0103m nom b\u1ec7nh nh\u00e2n nh\u01b0 sau:<\/p>\n<ul>\n<li>Th\u1eddi gian th\u0103m b\u1ec7nh:<\/li>\n<li>Kh\u00f4ng qu\u00e1 &#8230;ng\u01b0\u1eddi\/l\u01b0\u1ee3t th\u0103m b\u1ec7nh.<\/li>\n<li>R\u1eeda tay s\u00e1t khu\u1ea9n tr\u01b0\u1edbc v\u00e0 khi v\u00e0o th\u0103m.<\/li>\n<li>KH\u00d4NG n\u00f3i chuy\u1ec7n l\u1edbn ti\u1ebfng, kh\u00f4ng g\u00e2y ti\u1ebfng \u1ed3n trong qu\u00e1 tr\u00ecnh th\u0103m b\u1ec7nh.<\/li>\n<li>Tu\u00e2n th\u1ee7 h\u01b0\u1edbng d\u1eabn c\u1ee7a nh\u00e2n vi\u00ean y t\u1ebf v\u00e0 \u0111\u1ed9i ng\u0169 b\u1ea3o v\u1ec7 an ninh t\u1ea1i b\u1ec7nh vi\u1ec7n.<\/li>\n<\/ul>\n<h3><strong>Quy \u0111\u1ecbnh v\u1ec1 ng\u01b0\u1eddi ch\u0103m s\u00f3c:<\/strong><\/h3>\n<ul>\n<li>M\u1ed7i ng\u01b0\u1eddi b\u1ec7nh n\u1ed9i tr\u00fa s\u1ebd \u0111\u01b0\u1ee3c 01 ng\u01b0\u1eddi ch\u0103m s\u00f3c \u1edf l\u1ea1i c\u00f9ng t\u1ea1i b\u1ec7nh vi\u1ec7n. N\u1ebfu tr\u01b0\u1eddng h\u1ee3p c\u00f3 nhi\u1ec1u h\u01a1n 01 ng\u01b0\u1eddi ch\u0103m s\u00f3c c\u1ea7n \u0111\u01b0\u1ee3c s\u1ef1 \u0111\u1ed3ng \u00fd c\u1ee7a khoa \u0111i\u1ec1u tr\u1ecb n\u1ed9i tr\u00fa.<\/li>\n<li>Ng\u01b0\u1eddi ch\u0103m s\u00f3c c\u1ea7n ph\u1ea3i m\u1eb7c \u00e1o \u0111\u1ed3ng ph\u1ee5c v\u00e0 \u0111eo th\u1ebb ng\u01b0\u1eddi nh\u00e0.<\/li>\n<li>Kh\u00f4ng \u0111\u01b0\u1ee3c ng\u1ed3i, n\u1eb1m tr\u00ean gi\u01b0\u1eddng b\u1ec7nh.<\/li>\n<li>Kh\u00f4ng s\u1eed d\u1ee5ng b\u1ebfp \u0111i\u1ec7n, n\u1ea5u n\u01b0\u1edbng, ph\u01a1i \u0111\u1ed3 trong ph\u00f2ng b\u1ec7nh.<\/li>\n<li>Kh\u00f4ng h\u00fat thu\u1ed1c l\u00e1, u\u1ed1ng r\u01b0\u1ee3u bia, \u0111\u00e1nh b\u00e0i b\u1ea1c trong ph\u00f2ng b\u1ec7nh v\u00e0 khu\u00f4n vi\u00ean b\u1ec7nh vi\u1ec7n.<\/li>\n<li>Kh\u00f4ng t\u1ef1 \u00fd th\u1ef1c hi\u1ec7n c\u00e1c k\u1ef9 thu\u1eadt chuy\u00ean m\u00f4n tr\u00ean ng\u01b0\u1eddi b\u1ec7nh.<\/li>\n<li>H\u1ee3p t\u00e1c v\u1edbi nh\u00e2n vi\u00ean y t\u1ebf trong ch\u0103m s\u00f3c v\u00e0 gi\u1eef g\u00ecn v\u1ec7 sinh chung.<\/li>\n<li>Th\u1ef1c hi\u1ec7n nghi\u00eam t\u00fac c\u00e1c n\u1ed9i quy, quy \u0111\u1ecbnh c\u1ee7a b\u1ec7nh vi\u1ec7n.<\/li>\n<\/ul>\n<p>&nbsp;<\/p>\n","protected":false},"excerpt":{"rendered":"<p>Nh\u1eb1m \u0111\u1ea3m b\u1ea3o an to\u00e0n cho ng\u01b0\u1eddi b\u1ec7nh, ng\u01b0\u1eddi th\u00e2n v\u00e0 nh\u00e2n vi\u00ean y t\u1ebf, B\u1ec7nh vi\u1ec7n HN\u0110K Ngh\u1ec7 An &#8211; Giai \u0111o\u1ea1n 2 th\u00f4ng b\u00e1o quy \u0111\u1ecbnh th\u0103m nom b\u1ec7nh nh\u00e2n nh\u01b0 sau: Th\u1eddi gian th\u0103m b\u1ec7nh: Kh\u00f4ng qu\u00e1 &#8230;ng\u01b0\u1eddi\/l\u01b0\u1ee3t th\u0103m b\u1ec7nh. R\u1eeda tay s\u00e1t khu\u1ea9n tr\u01b0\u1edbc v\u00e0 khi v\u00e0o th\u0103m. KH\u00d4NG n\u00f3i chuy\u1ec7n [&hellip;]<\/p>\n","protected":false},"author":3,"featured_media":0,"parent":0,"menu_order":0,"comment_status":"closed","ping_status":"closed","template":"","meta":{"_acf_changed":false,"footnotes":""},"class_list":["post-1116","page","type-page","status-publish","hentry"],"acf":[],"yoast_head":"<!-- This site is optimized with the Yoast SEO Premium plugin v24.5 (Yoast SEO v27.3) - https:\/\/yoast.com\/product\/yoast-seo-premium-wordpress\/ -->\n<title>Quy \u0111\u1ecbnh th\u0103m nom - B\u1ec6NH VI\u1ec6N H\u1eeeU NGH\u1eca \u0110A KHOA NGH\u1ec6 AN - GIAI \u0110O\u1ea0N 2<\/title>\n<meta name=\"robots\" content=\"index, follow, max-snippet:-1, max-image-preview:large, max-video-preview:-1\" \/>\n<link rel=\"canonical\" href=\"https:\/\/ngheanhospital.vn\/vi\/quy-dinh-tham-nom\/\" \/>\n<meta property=\"og:locale\" content=\"vi_VN\" \/>\n<meta property=\"og:type\" content=\"article\" \/>\n<meta property=\"og:title\" content=\"Quy \u0111\u1ecbnh th\u0103m nom\" \/>\n<meta property=\"og:description\" content=\"Nh\u1eb1m \u0111\u1ea3m b\u1ea3o an to\u00e0n cho ng\u01b0\u1eddi b\u1ec7nh, ng\u01b0\u1eddi th\u00e2n v\u00e0 nh\u00e2n vi\u00ean y t\u1ebf, B\u1ec7nh vi\u1ec7n HN\u0110K Ngh\u1ec7 An &#8211; Giai \u0111o\u1ea1n 2 th\u00f4ng b\u00e1o quy \u0111\u1ecbnh th\u0103m nom b\u1ec7nh nh\u00e2n nh\u01b0 sau: Th\u1eddi gian th\u0103m b\u1ec7nh: Kh\u00f4ng qu\u00e1 &#8230;ng\u01b0\u1eddi\/l\u01b0\u1ee3t th\u0103m b\u1ec7nh. R\u1eeda tay s\u00e1t khu\u1ea9n tr\u01b0\u1edbc v\u00e0 khi v\u00e0o th\u0103m. KH\u00d4NG n\u00f3i chuy\u1ec7n [&hellip;]\" \/>\n<meta property=\"og:url\" content=\"https:\/\/ngheanhospital.vn\/vi\/quy-dinh-tham-nom\/\" \/>\n<meta property=\"og:site_name\" content=\"B\u1ec6NH VI\u1ec6N H\u1eeeU NGH\u1eca \u0110A KHOA NGH\u1ec6 AN - GIAI \u0110O\u1ea0N 2\" \/>\n<meta property=\"article:publisher\" content=\"https:\/\/www.facebook.com\/ngheanhospital\" \/>\n<meta property=\"article:modified_time\" content=\"2025-05-19T04:20:08+00:00\" \/>\n<meta property=\"og:image\" content=\"https:\/\/ngheanhospital.com\/wp-content\/uploads\/2025\/03\/COVER-01-01-e1720950971581.png\" \/>\n\t<meta property=\"og:image:width\" content=\"1920\" \/>\n\t<meta property=\"og:image:height\" content=\"731\" \/>\n\t<meta property=\"og:image:type\" content=\"image\/png\" \/>\n<meta name=\"twitter:card\" content=\"summary_large_image\" \/>\n<meta name=\"twitter:label1\" content=\"\u01af\u1edbc t\u00ednh th\u1eddi gian \u0111\u1ecdc\" \/>\n\t<meta name=\"twitter:data1\" content=\"2 ph\u00fat\" \/>\n<script type=\"application\/ld+json\" class=\"yoast-schema-graph\">{\"@context\":\"https:\\\/\\\/schema.org\",\"@graph\":[{\"@type\":\"WebPage\",\"@id\":\"https:\\\/\\\/ngheanhospital.vn\\\/vi\\\/quy-dinh-tham-nom\\\/\",\"url\":\"https:\\\/\\\/ngheanhospital.vn\\\/vi\\\/quy-dinh-tham-nom\\\/\",\"name\":\"Quy \u0111\u1ecbnh th\u0103m nom - B\u1ec6NH VI\u1ec6N H\u1eeeU NGH\u1eca \u0110A KHOA NGH\u1ec6 AN - GIAI \u0110O\u1ea0N 2\",\"isPartOf\":{\"@id\":\"https:\\\/\\\/ngheanhospital.com\\\/vi\\\/#website\"},\"datePublished\":\"2025-05-15T06:15:44+00:00\",\"dateModified\":\"2025-05-19T04:20:08+00:00\",\"breadcrumb\":{\"@id\":\"https:\\\/\\\/ngheanhospital.vn\\\/vi\\\/quy-dinh-tham-nom\\\/#breadcrumb\"},\"inLanguage\":\"vi\",\"potentialAction\":[{\"@type\":\"ReadAction\",\"target\":[\"https:\\\/\\\/ngheanhospital.vn\\\/vi\\\/quy-dinh-tham-nom\\\/\"]}]},{\"@type\":\"BreadcrumbList\",\"@id\":\"https:\\\/\\\/ngheanhospital.vn\\\/vi\\\/quy-dinh-tham-nom\\\/#breadcrumb\",\"itemListElement\":[{\"@type\":\"ListItem\",\"position\":1,\"name\":\"Home\",\"item\":\"https:\\\/\\\/ngheanhospital.com\\\/vi\\\/\"},{\"@type\":\"ListItem\",\"position\":2,\"name\":\"Quy \u0111\u1ecbnh th\u0103m nom\"}]},{\"@type\":\"WebSite\",\"@id\":\"https:\\\/\\\/ngheanhospital.com\\\/vi\\\/#website\",\"url\":\"https:\\\/\\\/ngheanhospital.com\\\/vi\\\/\",\"name\":\"B\u1ec7nh vi\u1ec7n H\u1eefu ngh\u1ecb \u0110a khoa Ngh\u1ec7 An Giai \u0110o\u1ea1n 2\",\"description\":\"Ph\u1ee5c v\u1ee5 t\u1eadn t\u00e2m - N\u00e2ng t\u1ea7m y \u0111\u1ee9c\",\"publisher\":{\"@id\":\"https:\\\/\\\/ngheanhospital.com\\\/vi\\\/#organization\"},\"alternateName\":\"B\u1ec7nh vi\u1ec7n \u0110a khoa t\u1ec9nh Ngh\u1ec7 An, B\u1ec7nh vi\u1ec7n HN\u0110KNA, B\u1ec7nh vi\u1ec7n HN\u0110K Ngh\u1ec7 An, B\u1ec7nh vi\u1ec7n Ba Lan m\u1edbi\",\"potentialAction\":[{\"@type\":\"SearchAction\",\"target\":{\"@type\":\"EntryPoint\",\"urlTemplate\":\"https:\\\/\\\/ngheanhospital.com\\\/vi\\\/?s={search_term_string}\"},\"query-input\":{\"@type\":\"PropertyValueSpecification\",\"valueRequired\":true,\"valueName\":\"search_term_string\"}}],\"inLanguage\":\"vi\"},{\"@type\":\"Organization\",\"@id\":\"https:\\\/\\\/ngheanhospital.com\\\/vi\\\/#organization\",\"name\":\"B\u1ec7nh vi\u1ec7n H\u1eefu ngh\u1ecb \u0110a khoa Ngh\u1ec7 An - Giai \u0111o\u1ea1n 2\",\"alternateName\":\"B\u1ec7nh vi\u1ec7n \u0110a khoa t\u1ec9nh Ngh\u1ec7 An, B\u1ec7nh vi\u1ec7n HN\u0110KNA, B\u1ec7nh vi\u1ec7n HN\u0110K Ngh\u1ec7 An, B\u1ec7nh vi\u1ec7n Ba Lan m\u1edbi\",\"url\":\"https:\\\/\\\/ngheanhospital.com\\\/vi\\\/\",\"logo\":{\"@type\":\"ImageObject\",\"inLanguage\":\"vi\",\"@id\":\"https:\\\/\\\/ngheanhospital.com\\\/vi\\\/#\\\/schema\\\/logo\\\/image\\\/\",\"url\":\"https:\\\/\\\/ngheanhospital.vn\\\/wp-content\\\/uploads\\\/2024\\\/08\\\/LOGO-NAH.png\",\"contentUrl\":\"https:\\\/\\\/ngheanhospital.vn\\\/wp-content\\\/uploads\\\/2024\\\/08\\\/LOGO-NAH.png\",\"width\":4152,\"height\":1610,\"caption\":\"B\u1ec7nh vi\u1ec7n H\u1eefu ngh\u1ecb \u0110a khoa Ngh\u1ec7 An - Giai \u0111o\u1ea1n 2\"},\"image\":{\"@id\":\"https:\\\/\\\/ngheanhospital.com\\\/vi\\\/#\\\/schema\\\/logo\\\/image\\\/\"},\"sameAs\":[\"https:\\\/\\\/www.facebook.com\\\/ngheanhospital\"],\"description\":\"B\u1ec7nh vi\u1ec7n H\u1eefu ngh\u1ecb \u0110a khoa Ngh\u1ec7 An - Giai \u0111o\u1ea1n 2 N\u0103m 2016, B\u1ec7nh vi\u1ec7n H\u1eefu ngh\u1ecb \u0110a khoa Ngh\u1ec7 An - Giai \u0111o\u1ea1n 2 \u0111\u01b0\u1ee3c \u0111\u01b0\u1ee3c kh\u1edfi c\u00f4ng x\u00e2y d\u1ef1ng, l\u00e0 b\u1ec7nh vi\u1ec7n \u0111\u1ea7u ti\u00ean c\u1ee7a khu v\u1ef1c B\u1eafc Trung B\u1ed9 ho\u1ea1t \u0111\u1ed9ng theo h\u00ecnh th\u1ee9c h\u1ee3p t\u00e1c c\u00f4ng - t\u01b0 v\u1edbi ti\u00eau chu\u1ea9n b\u1ec7nh vi\u1ec7n cao c\u1ea5p. \u0110\u01b0\u1ee3c \u0111\u1ea7u t\u01b0 to\u00e0n di\u1ec7n t\u1eeb h\u1ea1 t\u1ea7ng c\u01a1 s\u1edf v\u1eadt ch\u1ea5t, ch\u1ea5t l\u01b0\u1ee3ng nh\u00e2n s\u1ef1 cho t\u1edbi thi\u1ebft b\u1ecb hi\u1ec7n \u0111\u1ea1i, d\u1eabn \u0111\u1ea7u c\u00f4ng ngh\u1ec7 y khoa, B\u1ec7nh vi\u1ec7n H\u1eefu ngh\u1ecb \u0110a khoa Ngh\u1ec7 An - Giai \u0111o\u1ea1n 2 h\u1ee9a h\u1eb9n s\u1ebd l\u00e0 \u0111\u1ecba ch\u1ec9 kh\u00e1m ch\u1eefa b\u1ec7nh v\u00e0 ch\u0103m s\u00f3c s\u1ee9c kh\u1ecfe \u0111\u01b0\u1ee3c nhi\u1ec1u kh\u00e1ch h\u00e0ng tin t\u01b0\u1edfng l\u1ef1a ch\u1ecdn v\u1edbi nh\u1eefng \u01b0u \u0111i\u1ec3m n\u1ed5i b\u1eadt: star-icon Quy m\u00f4 600 gi\u01b0\u1eddng n\u1ed9i tr\u00fa v\u1edbi g\u1ea7n 20 chuy\u00ean khoa l\u00e2m s\u00e0ng & c\u1eadn l\u00e2m s\u00e0ng star-icon \u0110\u1ed9i ng\u0169 h\u01a1n 300 y b\u00e1c s\u0129 gi\u00e0u kinh nghi\u1ec7m, t\u1eadn t\u00e2m, nhi\u1ec7t huy\u1ebft star-icon H\u1ec7 th\u1ed1ng trang thi\u1ebft b\u1ecb hi\u1ec7n \u0111\u1ea1i, d\u1eabn \u0111\u1ea7u ti\u1ebfn b\u1ed9 c\u1ee7a y h\u1ecdc star-icon D\u1ecbch v\u1ee5 ch\u0103m s\u00f3c s\u1ee9c kh\u1ecfe to\u00e0n di\u1ec7n chu\u1ea9n qu\u1ed1c t\u1ebf\",\"email\":\"info@ngheanhospital.com\",\"telephone\":\"0238 397 6666\",\"legalName\":\"B\u1ec7nh vi\u1ec7n H\u1eefu ngh\u1ecb \u0110a khoa Ngh\u1ec7 An - Giai \u0111o\u1ea1n 2\",\"foundingDate\":\"2025-01-24\",\"numberOfEmployees\":{\"@type\":\"QuantitativeValue\",\"minValue\":\"201\",\"maxValue\":\"500\"}}]}<\/script>\n<!-- \/ Yoast SEO Premium plugin. -->","yoast_head_json":{"title":"Quy \u0111\u1ecbnh th\u0103m nom - B\u1ec6NH VI\u1ec6N H\u1eeeU NGH\u1eca \u0110A KHOA NGH\u1ec6 AN - GIAI \u0110O\u1ea0N 2","robots":{"index":"index","follow":"follow","max-snippet":"max-snippet:-1","max-image-preview":"max-image-preview:large","max-video-preview":"max-video-preview:-1"},"canonical":"https:\/\/ngheanhospital.vn\/vi\/quy-dinh-tham-nom\/","og_locale":"vi_VN","og_type":"article","og_title":"Quy \u0111\u1ecbnh th\u0103m nom","og_description":"Nh\u1eb1m \u0111\u1ea3m b\u1ea3o an to\u00e0n cho ng\u01b0\u1eddi b\u1ec7nh, ng\u01b0\u1eddi th\u00e2n v\u00e0 nh\u00e2n vi\u00ean y t\u1ebf, B\u1ec7nh vi\u1ec7n HN\u0110K Ngh\u1ec7 An &#8211; Giai \u0111o\u1ea1n 2 th\u00f4ng b\u00e1o quy \u0111\u1ecbnh th\u0103m nom b\u1ec7nh nh\u00e2n nh\u01b0 sau: Th\u1eddi gian th\u0103m b\u1ec7nh: Kh\u00f4ng qu\u00e1 &#8230;ng\u01b0\u1eddi\/l\u01b0\u1ee3t th\u0103m b\u1ec7nh. R\u1eeda tay s\u00e1t khu\u1ea9n tr\u01b0\u1edbc v\u00e0 khi v\u00e0o th\u0103m. KH\u00d4NG n\u00f3i chuy\u1ec7n [&hellip;]","og_url":"https:\/\/ngheanhospital.vn\/vi\/quy-dinh-tham-nom\/","og_site_name":"B\u1ec6NH VI\u1ec6N H\u1eeeU NGH\u1eca \u0110A KHOA NGH\u1ec6 AN - GIAI \u0110O\u1ea0N 2","article_publisher":"https:\/\/www.facebook.com\/ngheanhospital","article_modified_time":"2025-05-19T04:20:08+00:00","og_image":[{"width":1920,"height":731,"url":"https:\/\/ngheanhospital.com\/wp-content\/uploads\/2025\/03\/COVER-01-01-e1720950971581.png","type":"image\/png"}],"twitter_card":"summary_large_image","twitter_misc":{"\u01af\u1edbc t\u00ednh th\u1eddi gian \u0111\u1ecdc":"2 ph\u00fat"},"schema":{"@context":"https:\/\/schema.org","@graph":[{"@type":"WebPage","@id":"https:\/\/ngheanhospital.vn\/vi\/quy-dinh-tham-nom\/","url":"https:\/\/ngheanhospital.vn\/vi\/quy-dinh-tham-nom\/","name":"Quy \u0111\u1ecbnh th\u0103m nom - B\u1ec6NH VI\u1ec6N H\u1eeeU NGH\u1eca \u0110A KHOA NGH\u1ec6 AN - GIAI \u0110O\u1ea0N 2","isPartOf":{"@id":"https:\/\/ngheanhospital.com\/vi\/#website"},"datePublished":"2025-05-15T06:15:44+00:00","dateModified":"2025-05-19T04:20:08+00:00","breadcrumb":{"@id":"https:\/\/ngheanhospital.vn\/vi\/quy-dinh-tham-nom\/#breadcrumb"},"inLanguage":"vi","potentialAction":[{"@type":"ReadAction","target":["https:\/\/ngheanhospital.vn\/vi\/quy-dinh-tham-nom\/"]}]},{"@type":"BreadcrumbList","@id":"https:\/\/ngheanhospital.vn\/vi\/quy-dinh-tham-nom\/#breadcrumb","itemListElement":[{"@type":"ListItem","position":1,"name":"Home","item":"https:\/\/ngheanhospital.com\/vi\/"},{"@type":"ListItem","position":2,"name":"Quy \u0111\u1ecbnh th\u0103m nom"}]},{"@type":"WebSite","@id":"https:\/\/ngheanhospital.com\/vi\/#website","url":"https:\/\/ngheanhospital.com\/vi\/","name":"B\u1ec7nh vi\u1ec7n H\u1eefu ngh\u1ecb \u0110a khoa Ngh\u1ec7 An Giai \u0110o\u1ea1n 2","description":"Ph\u1ee5c v\u1ee5 t\u1eadn t\u00e2m - N\u00e2ng t\u1ea7m y \u0111\u1ee9c","publisher":{"@id":"https:\/\/ngheanhospital.com\/vi\/#organization"},"alternateName":"B\u1ec7nh vi\u1ec7n \u0110a khoa t\u1ec9nh Ngh\u1ec7 An, B\u1ec7nh vi\u1ec7n HN\u0110KNA, B\u1ec7nh vi\u1ec7n HN\u0110K Ngh\u1ec7 An, B\u1ec7nh vi\u1ec7n Ba Lan m\u1edbi","potentialAction":[{"@type":"SearchAction","target":{"@type":"EntryPoint","urlTemplate":"https:\/\/ngheanhospital.com\/vi\/?s={search_term_string}"},"query-input":{"@type":"PropertyValueSpecification","valueRequired":true,"valueName":"search_term_string"}}],"inLanguage":"vi"},{"@type":"Organization","@id":"https:\/\/ngheanhospital.com\/vi\/#organization","name":"B\u1ec7nh vi\u1ec7n H\u1eefu ngh\u1ecb \u0110a khoa Ngh\u1ec7 An - Giai \u0111o\u1ea1n 2","alternateName":"B\u1ec7nh vi\u1ec7n \u0110a khoa t\u1ec9nh Ngh\u1ec7 An, B\u1ec7nh vi\u1ec7n HN\u0110KNA, B\u1ec7nh vi\u1ec7n HN\u0110K Ngh\u1ec7 An, B\u1ec7nh vi\u1ec7n Ba Lan m\u1edbi","url":"https:\/\/ngheanhospital.com\/vi\/","logo":{"@type":"ImageObject","inLanguage":"vi","@id":"https:\/\/ngheanhospital.com\/vi\/#\/schema\/logo\/image\/","url":"https:\/\/ngheanhospital.vn\/wp-content\/uploads\/2024\/08\/LOGO-NAH.png","contentUrl":"https:\/\/ngheanhospital.vn\/wp-content\/uploads\/2024\/08\/LOGO-NAH.png","width":4152,"height":1610,"caption":"B\u1ec7nh vi\u1ec7n H\u1eefu ngh\u1ecb \u0110a khoa Ngh\u1ec7 An - Giai \u0111o\u1ea1n 2"},"image":{"@id":"https:\/\/ngheanhospital.com\/vi\/#\/schema\/logo\/image\/"},"sameAs":["https:\/\/www.facebook.com\/ngheanhospital"],"description":"B\u1ec7nh vi\u1ec7n H\u1eefu ngh\u1ecb \u0110a khoa Ngh\u1ec7 An - Giai \u0111o\u1ea1n 2 N\u0103m 2016, B\u1ec7nh vi\u1ec7n H\u1eefu ngh\u1ecb \u0110a khoa Ngh\u1ec7 An - Giai \u0111o\u1ea1n 2 \u0111\u01b0\u1ee3c \u0111\u01b0\u1ee3c kh\u1edfi c\u00f4ng x\u00e2y d\u1ef1ng, l\u00e0 b\u1ec7nh vi\u1ec7n \u0111\u1ea7u ti\u00ean c\u1ee7a khu v\u1ef1c B\u1eafc Trung B\u1ed9 ho\u1ea1t \u0111\u1ed9ng theo h\u00ecnh th\u1ee9c h\u1ee3p t\u00e1c c\u00f4ng - t\u01b0 v\u1edbi ti\u00eau chu\u1ea9n b\u1ec7nh vi\u1ec7n cao c\u1ea5p. \u0110\u01b0\u1ee3c \u0111\u1ea7u t\u01b0 to\u00e0n di\u1ec7n t\u1eeb h\u1ea1 t\u1ea7ng c\u01a1 s\u1edf v\u1eadt ch\u1ea5t, ch\u1ea5t l\u01b0\u1ee3ng nh\u00e2n s\u1ef1 cho t\u1edbi thi\u1ebft b\u1ecb hi\u1ec7n \u0111\u1ea1i, d\u1eabn \u0111\u1ea7u c\u00f4ng ngh\u1ec7 y khoa, B\u1ec7nh vi\u1ec7n H\u1eefu ngh\u1ecb \u0110a khoa Ngh\u1ec7 An - Giai \u0111o\u1ea1n 2 h\u1ee9a h\u1eb9n s\u1ebd l\u00e0 \u0111\u1ecba ch\u1ec9 kh\u00e1m ch\u1eefa b\u1ec7nh v\u00e0 ch\u0103m s\u00f3c s\u1ee9c kh\u1ecfe \u0111\u01b0\u1ee3c nhi\u1ec1u kh\u00e1ch h\u00e0ng tin t\u01b0\u1edfng l\u1ef1a ch\u1ecdn v\u1edbi nh\u1eefng \u01b0u \u0111i\u1ec3m n\u1ed5i b\u1eadt: star-icon Quy m\u00f4 600 gi\u01b0\u1eddng n\u1ed9i tr\u00fa v\u1edbi g\u1ea7n 20 chuy\u00ean khoa l\u00e2m s\u00e0ng & c\u1eadn l\u00e2m s\u00e0ng star-icon \u0110\u1ed9i ng\u0169 h\u01a1n 300 y b\u00e1c s\u0129 gi\u00e0u kinh nghi\u1ec7m, t\u1eadn t\u00e2m, nhi\u1ec7t huy\u1ebft star-icon H\u1ec7 th\u1ed1ng trang thi\u1ebft b\u1ecb hi\u1ec7n \u0111\u1ea1i, d\u1eabn \u0111\u1ea7u ti\u1ebfn b\u1ed9 c\u1ee7a y h\u1ecdc star-icon D\u1ecbch v\u1ee5 ch\u0103m s\u00f3c s\u1ee9c kh\u1ecfe to\u00e0n di\u1ec7n chu\u1ea9n qu\u1ed1c t\u1ebf","email":"info@ngheanhospital.com","telephone":"0238 397 6666","legalName":"B\u1ec7nh vi\u1ec7n H\u1eefu ngh\u1ecb \u0110a khoa Ngh\u1ec7 An - Giai \u0111o\u1ea1n 2","foundingDate":"2025-01-24","numberOfEmployees":{"@type":"QuantitativeValue","minValue":"201","maxValue":"500"}}]}},"_links":{"self":[{"href":"https:\/\/ngheanhospital.com\/vi\/wp-json\/wp\/v2\/pages\/1116","targetHints":{"allow":["GET"]}}],"collection":[{"href":"https:\/\/ngheanhospital.com\/vi\/wp-json\/wp\/v2\/pages"}],"about":[{"href":"https:\/\/ngheanhospital.com\/vi\/wp-json\/wp\/v2\/types\/page"}],"author":[{"embeddable":true,"href":"https:\/\/ngheanhospital.com\/vi\/wp-json\/wp\/v2\/users\/3"}],"replies":[{"embeddable":true,"href":"https:\/\/ngheanhospital.com\/vi\/wp-json\/wp\/v2\/comments?post=1116"}],"version-history":[{"count":4,"href":"https:\/\/ngheanhospital.com\/vi\/wp-json\/wp\/v2\/pages\/1116\/revisions"}],"predecessor-version":[{"id":1164,"href":"https:\/\/ngheanhospital.com\/vi\/wp-json\/wp\/v2\/pages\/1116\/revisions\/1164"}],"wp:attachment":[{"href":"https:\/\/ngheanhospital.com\/vi\/wp-json\/wp\/v2\/media?parent=1116"}],"curies":[{"name":"wp","href":"https:\/\/api.w.org\/{rel}","templated":true}]}}