{"id":451,"date":"2024-07-04T13:32:43","date_gmt":"2024-07-04T13:32:43","guid":{"rendered":"https:\/\/ngheanhospital.vn\/?page_id=451"},"modified":"2025-05-30T13:48:55","modified_gmt":"2025-05-30T06:48:55","slug":"thoi-gian-lam-viec","status":"publish","type":"page","link":"https:\/\/ngheanhospital.com\/en\/thoi-gian-lam-viec\/","title":{"rendered":"Time Working"},"content":{"rendered":"<p>TH\u1edcI GIAN L\u00c0M VI\u1ec6C T\u1ea0I B\u1ec6NH VI\u1ec6N H\u1eeeU NGH\u1eca \u0110A KHOA NGH\u1ec6 AN &#8211; GIAI \u0110O\u1ea0N 2:<\/p>\n<p>KHOA KH\u00c1M B\u1ec6NH:<\/p>\n<p>+ Kh\u00e1m B\u1ea3o hi\u1ec3m Y t\u1ebf:<\/p>\n<p>Th\u1ee9 2 \u0111\u1ebfn th\u1ee9 6 h\u00e0ng tu\u1ea7n (Tr\u1eeb ngh\u1ec9 l\u1ec5, T\u1ebft theo quy \u0111\u1ecbnh): th\u00f4ng t\u1ea7m t\u1eeb 8h00 \u0111\u1ebfn 16h00<\/p>\n<p>+ Kh\u00e1m theo y\u00eau c\u1ea7u (Vi\u1ec7n ph\u00ed, T\u1ef1 nguy\u1ec7n, Kh\u00e1m s\u1ee9c kho\u1ebb): t\u1eeb 7h00-16h00 th\u1ee9 2 \u0111\u1ebfn th\u1ee9 6 h\u00e0ng tu\u1ea7n, Th\u1ee9 7: t\u1eeb 7h00-12h00.<\/p>\n<p>TI\u1ebeP NH\u1eacN C\u1ea4P C\u1ee8U:<br \/>\n24\/24 gi\u1edd t\u1ea5t c\u1ea3 c\u00e1c ng\u00e0y trong tu\u1ea7n, k\u1ec3 c\u1ea3 ngh\u1ec9 l\u1ec5, t\u1ebft.<\/p>\n<p>KHOA \u0110I\u1ec0U TR\u1eca N\u1ed8I TR\u00da<\/p>\n<p>Ho\u1ea1t \u0111\u1ed9ng 24\/24 gi\u1edd t\u1ea5t c\u1ea3 c\u00e1c ng\u00e0y trong tu\u1ea7n, k\u1ec3 c\u1ea3 l\u1ec5, t\u1ebft<\/p>","protected":false},"excerpt":{"rendered":"<p>TH\u1edcI GIAN L\u00c0M VI\u1ec6C T\u1ea0I B\u1ec6NH VI\u1ec6N H\u1eeeU NGH\u1eca \u0110A KHOA NGH\u1ec6 AN &#8211; GIAI \u0110O\u1ea0N 2: KHOA KH\u00c1M B\u1ec6NH: + Kh\u00e1m B\u1ea3o hi\u1ec3m Y t\u1ebf: Th\u1ee9 2 \u0111\u1ebfn th\u1ee9 6 h\u00e0ng tu\u1ea7n (Tr\u1eeb ngh\u1ec9 l\u1ec5, T\u1ebft theo quy \u0111\u1ecbnh): th\u00f4ng t\u1ea7m t\u1eeb 8h00 \u0111\u1ebfn 16h00 + Kh\u00e1m theo y\u00eau c\u1ea7u (Vi\u1ec7n ph\u00ed, T\u1ef1 nguy\u1ec7n, [&hellip;]<\/p>\n","protected":false},"author":4,"featured_media":0,"parent":0,"menu_order":0,"comment_status":"closed","ping_status":"closed","template":"page-timework-table.php","meta":{"_acf_changed":false,"footnotes":""},"class_list":["post-451","page","type-page","status-publish","hentry"],"acf":[],"yoast_head":"<!-- This site is optimized with the Yoast SEO Premium plugin v24.5 (Yoast SEO v27.3) - https:\/\/yoast.com\/product\/yoast-seo-premium-wordpress\/ -->\n<title>Th\u1eddi Gian L\u00e0m Vi\u1ec7c - B\u1ec6NH VI\u1ec6N H\u1eeeU NGH\u1eca \u0110A KHOA NGH\u1ec6 AN - GIAI \u0110O\u1ea0N 2<\/title>\n<meta name=\"robots\" content=\"index, follow, max-snippet:-1, max-image-preview:large, max-video-preview:-1\" \/>\n<link rel=\"canonical\" href=\"https:\/\/www.ngheanhospital.com\/vi\/thoi-gian-lam-viec\/\" \/>\n<meta property=\"og:locale\" content=\"en_US\" \/>\n<meta property=\"og:type\" content=\"article\" \/>\n<meta property=\"og:title\" content=\"Th\u1eddi Gian L\u00e0m Vi\u1ec7c\" \/>\n<meta property=\"og:description\" content=\"TH\u1edcI GIAN L\u00c0M VI\u1ec6C T\u1ea0I B\u1ec6NH VI\u1ec6N H\u1eeeU NGH\u1eca \u0110A KHOA NGH\u1ec6 AN &#8211; GIAI \u0110O\u1ea0N 2: KHOA KH\u00c1M B\u1ec6NH: + Kh\u00e1m B\u1ea3o hi\u1ec3m Y t\u1ebf: Th\u1ee9 2 \u0111\u1ebfn th\u1ee9 6 h\u00e0ng tu\u1ea7n (Tr\u1eeb ngh\u1ec9 l\u1ec5, T\u1ebft theo quy \u0111\u1ecbnh): th\u00f4ng t\u1ea7m t\u1eeb 8h00 \u0111\u1ebfn 16h00 + Kh\u00e1m theo y\u00eau c\u1ea7u (Vi\u1ec7n ph\u00ed, T\u1ef1 nguy\u1ec7n, [&hellip;]\" \/>\n<meta property=\"og:url\" content=\"https:\/\/www.ngheanhospital.com\/vi\/thoi-gian-lam-viec\/\" \/>\n<meta property=\"og:site_name\" content=\"B\u1ec6NH VI\u1ec6N H\u1eeeU NGH\u1eca \u0110A KHOA NGH\u1ec6 AN - GIAI \u0110O\u1ea0N 2\" \/>\n<meta property=\"article:publisher\" content=\"https:\/\/www.facebook.com\/ngheanhospital\" \/>\n<meta property=\"article:modified_time\" content=\"2025-05-30T06:48:55+00:00\" \/>\n<meta property=\"og:image\" content=\"https:\/\/ngheanhospital.com\/wp-content\/uploads\/2025\/03\/COVER-01-01-e1720950971581.png\" \/>\n\t<meta property=\"og:image:width\" content=\"1920\" \/>\n\t<meta property=\"og:image:height\" content=\"731\" \/>\n\t<meta property=\"og:image:type\" content=\"image\/png\" \/>\n<meta name=\"twitter:card\" content=\"summary_large_image\" \/>\n<meta name=\"twitter:label1\" content=\"Est. reading time\" \/>\n\t<meta name=\"twitter:data1\" content=\"1 minute\" \/>\n<script type=\"application\/ld+json\" class=\"yoast-schema-graph\">{\"@context\":\"https:\\\/\\\/schema.org\",\"@graph\":[{\"@type\":\"WebPage\",\"@id\":\"https:\\\/\\\/www.ngheanhospital.com\\\/vi\\\/thoi-gian-lam-viec\\\/\",\"url\":\"https:\\\/\\\/www.ngheanhospital.com\\\/vi\\\/thoi-gian-lam-viec\\\/\",\"name\":\"Th\u1eddi Gian L\u00e0m Vi\u1ec7c - B\u1ec6NH VI\u1ec6N H\u1eeeU NGH\u1eca \u0110A KHOA NGH\u1ec6 AN - GIAI \u0110O\u1ea0N 2\",\"isPartOf\":{\"@id\":\"https:\\\/\\\/ngheanhospital.com\\\/vi\\\/#website\"},\"datePublished\":\"2024-07-04T13:32:43+00:00\",\"dateModified\":\"2025-05-30T06:48:55+00:00\",\"breadcrumb\":{\"@id\":\"https:\\\/\\\/www.ngheanhospital.com\\\/vi\\\/thoi-gian-lam-viec\\\/#breadcrumb\"},\"inLanguage\":\"en-US\",\"potentialAction\":[{\"@type\":\"ReadAction\",\"target\":[\"https:\\\/\\\/www.ngheanhospital.com\\\/vi\\\/thoi-gian-lam-viec\\\/\"]}]},{\"@type\":\"BreadcrumbList\",\"@id\":\"https:\\\/\\\/www.ngheanhospital.com\\\/vi\\\/thoi-gian-lam-viec\\\/#breadcrumb\",\"itemListElement\":[{\"@type\":\"ListItem\",\"position\":1,\"name\":\"Home\",\"item\":\"https:\\\/\\\/ngheanhospital.com\\\/vi\\\/\"},{\"@type\":\"ListItem\",\"position\":2,\"name\":\"Th\u1eddi Gian L\u00e0m Vi\u1ec7c\"}]},{\"@type\":\"WebSite\",\"@id\":\"https:\\\/\\\/ngheanhospital.com\\\/vi\\\/#website\",\"url\":\"https:\\\/\\\/ngheanhospital.com\\\/vi\\\/\",\"name\":\"B\u1ec7nh vi\u1ec7n H\u1eefu ngh\u1ecb \u0110a khoa Ngh\u1ec7 An Giai \u0110o\u1ea1n 2\",\"description\":\"Ph\u1ee5c v\u1ee5 t\u1eadn t\u00e2m - N\u00e2ng t\u1ea7m y \u0111\u1ee9c\",\"publisher\":{\"@id\":\"https:\\\/\\\/ngheanhospital.com\\\/vi\\\/#organization\"},\"alternateName\":\"B\u1ec7nh vi\u1ec7n \u0110a khoa t\u1ec9nh Ngh\u1ec7 An, B\u1ec7nh vi\u1ec7n HN\u0110KNA, B\u1ec7nh vi\u1ec7n HN\u0110K Ngh\u1ec7 An, B\u1ec7nh vi\u1ec7n Ba Lan m\u1edbi\",\"potentialAction\":[{\"@type\":\"SearchAction\",\"target\":{\"@type\":\"EntryPoint\",\"urlTemplate\":\"https:\\\/\\\/ngheanhospital.com\\\/vi\\\/?s={search_term_string}\"},\"query-input\":{\"@type\":\"PropertyValueSpecification\",\"valueRequired\":true,\"valueName\":\"search_term_string\"}}],\"inLanguage\":\"en-US\"},{\"@type\":\"Organization\",\"@id\":\"https:\\\/\\\/ngheanhospital.com\\\/vi\\\/#organization\",\"name\":\"B\u1ec7nh vi\u1ec7n H\u1eefu ngh\u1ecb \u0110a khoa Ngh\u1ec7 An - Giai \u0111o\u1ea1n 2\",\"alternateName\":\"B\u1ec7nh vi\u1ec7n \u0110a khoa t\u1ec9nh Ngh\u1ec7 An, B\u1ec7nh vi\u1ec7n HN\u0110KNA, B\u1ec7nh vi\u1ec7n HN\u0110K Ngh\u1ec7 An, B\u1ec7nh vi\u1ec7n Ba Lan m\u1edbi\",\"url\":\"https:\\\/\\\/ngheanhospital.com\\\/vi\\\/\",\"logo\":{\"@type\":\"ImageObject\",\"inLanguage\":\"en-US\",\"@id\":\"https:\\\/\\\/ngheanhospital.com\\\/vi\\\/#\\\/schema\\\/logo\\\/image\\\/\",\"url\":\"https:\\\/\\\/ngheanhospital.vn\\\/wp-content\\\/uploads\\\/2024\\\/08\\\/LOGO-NAH.png\",\"contentUrl\":\"https:\\\/\\\/ngheanhospital.vn\\\/wp-content\\\/uploads\\\/2024\\\/08\\\/LOGO-NAH.png\",\"width\":4152,\"height\":1610,\"caption\":\"B\u1ec7nh vi\u1ec7n H\u1eefu ngh\u1ecb \u0110a khoa Ngh\u1ec7 An - Giai \u0111o\u1ea1n 2\"},\"image\":{\"@id\":\"https:\\\/\\\/ngheanhospital.com\\\/vi\\\/#\\\/schema\\\/logo\\\/image\\\/\"},\"sameAs\":[\"https:\\\/\\\/www.facebook.com\\\/ngheanhospital\"],\"description\":\"B\u1ec7nh vi\u1ec7n H\u1eefu ngh\u1ecb \u0110a khoa Ngh\u1ec7 An - Giai \u0111o\u1ea1n 2 N\u0103m 2016, B\u1ec7nh vi\u1ec7n H\u1eefu ngh\u1ecb \u0110a khoa Ngh\u1ec7 An - Giai \u0111o\u1ea1n 2 \u0111\u01b0\u1ee3c \u0111\u01b0\u1ee3c kh\u1edfi c\u00f4ng x\u00e2y d\u1ef1ng, l\u00e0 b\u1ec7nh vi\u1ec7n \u0111\u1ea7u ti\u00ean c\u1ee7a khu v\u1ef1c B\u1eafc Trung B\u1ed9 ho\u1ea1t \u0111\u1ed9ng theo h\u00ecnh th\u1ee9c h\u1ee3p t\u00e1c c\u00f4ng - t\u01b0 v\u1edbi ti\u00eau chu\u1ea9n b\u1ec7nh vi\u1ec7n cao c\u1ea5p. \u0110\u01b0\u1ee3c \u0111\u1ea7u t\u01b0 to\u00e0n di\u1ec7n t\u1eeb h\u1ea1 t\u1ea7ng c\u01a1 s\u1edf v\u1eadt ch\u1ea5t, ch\u1ea5t l\u01b0\u1ee3ng nh\u00e2n s\u1ef1 cho t\u1edbi thi\u1ebft b\u1ecb hi\u1ec7n \u0111\u1ea1i, d\u1eabn \u0111\u1ea7u c\u00f4ng ngh\u1ec7 y khoa, B\u1ec7nh vi\u1ec7n H\u1eefu ngh\u1ecb \u0110a khoa Ngh\u1ec7 An - Giai \u0111o\u1ea1n 2 h\u1ee9a h\u1eb9n s\u1ebd l\u00e0 \u0111\u1ecba ch\u1ec9 kh\u00e1m ch\u1eefa b\u1ec7nh v\u00e0 ch\u0103m s\u00f3c s\u1ee9c kh\u1ecfe \u0111\u01b0\u1ee3c nhi\u1ec1u kh\u00e1ch h\u00e0ng tin t\u01b0\u1edfng l\u1ef1a ch\u1ecdn v\u1edbi nh\u1eefng \u01b0u \u0111i\u1ec3m n\u1ed5i b\u1eadt: star-icon Quy m\u00f4 600 gi\u01b0\u1eddng n\u1ed9i tr\u00fa v\u1edbi g\u1ea7n 20 chuy\u00ean khoa l\u00e2m s\u00e0ng & c\u1eadn l\u00e2m s\u00e0ng star-icon \u0110\u1ed9i ng\u0169 h\u01a1n 300 y b\u00e1c s\u0129 gi\u00e0u kinh nghi\u1ec7m, t\u1eadn t\u00e2m, nhi\u1ec7t huy\u1ebft star-icon H\u1ec7 th\u1ed1ng trang thi\u1ebft b\u1ecb hi\u1ec7n \u0111\u1ea1i, d\u1eabn \u0111\u1ea7u ti\u1ebfn b\u1ed9 c\u1ee7a y h\u1ecdc star-icon D\u1ecbch v\u1ee5 ch\u0103m s\u00f3c s\u1ee9c kh\u1ecfe to\u00e0n di\u1ec7n chu\u1ea9n qu\u1ed1c t\u1ebf\",\"email\":\"info@ngheanhospital.com\",\"telephone\":\"0238 397 6666\",\"legalName\":\"B\u1ec7nh vi\u1ec7n H\u1eefu ngh\u1ecb \u0110a khoa Ngh\u1ec7 An - Giai \u0111o\u1ea1n 2\",\"foundingDate\":\"2025-01-24\",\"numberOfEmployees\":{\"@type\":\"QuantitativeValue\",\"minValue\":\"201\",\"maxValue\":\"500\"}}]}<\/script>\n<!-- \/ Yoast SEO Premium plugin. -->","yoast_head_json":{"title":"Th\u1eddi Gian L\u00e0m Vi\u1ec7c - B\u1ec6NH VI\u1ec6N H\u1eeeU NGH\u1eca \u0110A KHOA NGH\u1ec6 AN - GIAI \u0110O\u1ea0N 2","robots":{"index":"index","follow":"follow","max-snippet":"max-snippet:-1","max-image-preview":"max-image-preview:large","max-video-preview":"max-video-preview:-1"},"canonical":"https:\/\/www.ngheanhospital.com\/vi\/thoi-gian-lam-viec\/","og_locale":"en_US","og_type":"article","og_title":"Th\u1eddi Gian L\u00e0m Vi\u1ec7c","og_description":"TH\u1edcI GIAN L\u00c0M VI\u1ec6C T\u1ea0I B\u1ec6NH VI\u1ec6N H\u1eeeU NGH\u1eca \u0110A KHOA NGH\u1ec6 AN &#8211; GIAI \u0110O\u1ea0N 2: KHOA KH\u00c1M B\u1ec6NH: + Kh\u00e1m B\u1ea3o hi\u1ec3m Y t\u1ebf: Th\u1ee9 2 \u0111\u1ebfn th\u1ee9 6 h\u00e0ng tu\u1ea7n (Tr\u1eeb ngh\u1ec9 l\u1ec5, T\u1ebft theo quy \u0111\u1ecbnh): th\u00f4ng t\u1ea7m t\u1eeb 8h00 \u0111\u1ebfn 16h00 + Kh\u00e1m theo y\u00eau c\u1ea7u (Vi\u1ec7n ph\u00ed, T\u1ef1 nguy\u1ec7n, [&hellip;]","og_url":"https:\/\/www.ngheanhospital.com\/vi\/thoi-gian-lam-viec\/","og_site_name":"B\u1ec6NH VI\u1ec6N H\u1eeeU NGH\u1eca \u0110A KHOA NGH\u1ec6 AN - GIAI \u0110O\u1ea0N 2","article_publisher":"https:\/\/www.facebook.com\/ngheanhospital","article_modified_time":"2025-05-30T06:48:55+00:00","og_image":[{"width":1920,"height":731,"url":"https:\/\/ngheanhospital.com\/wp-content\/uploads\/2025\/03\/COVER-01-01-e1720950971581.png","type":"image\/png"}],"twitter_card":"summary_large_image","twitter_misc":{"Est. reading time":"1 minute"},"schema":{"@context":"https:\/\/schema.org","@graph":[{"@type":"WebPage","@id":"https:\/\/www.ngheanhospital.com\/vi\/thoi-gian-lam-viec\/","url":"https:\/\/www.ngheanhospital.com\/vi\/thoi-gian-lam-viec\/","name":"Th\u1eddi Gian L\u00e0m Vi\u1ec7c - B\u1ec6NH VI\u1ec6N H\u1eeeU NGH\u1eca \u0110A KHOA NGH\u1ec6 AN - GIAI \u0110O\u1ea0N 2","isPartOf":{"@id":"https:\/\/ngheanhospital.com\/vi\/#website"},"datePublished":"2024-07-04T13:32:43+00:00","dateModified":"2025-05-30T06:48:55+00:00","breadcrumb":{"@id":"https:\/\/www.ngheanhospital.com\/vi\/thoi-gian-lam-viec\/#breadcrumb"},"inLanguage":"en-US","potentialAction":[{"@type":"ReadAction","target":["https:\/\/www.ngheanhospital.com\/vi\/thoi-gian-lam-viec\/"]}]},{"@type":"BreadcrumbList","@id":"https:\/\/www.ngheanhospital.com\/vi\/thoi-gian-lam-viec\/#breadcrumb","itemListElement":[{"@type":"ListItem","position":1,"name":"Home","item":"https:\/\/ngheanhospital.com\/vi\/"},{"@type":"ListItem","position":2,"name":"Th\u1eddi Gian L\u00e0m Vi\u1ec7c"}]},{"@type":"WebSite","@id":"https:\/\/ngheanhospital.com\/vi\/#website","url":"https:\/\/ngheanhospital.com\/vi\/","name":"B\u1ec7nh vi\u1ec7n H\u1eefu ngh\u1ecb \u0110a khoa Ngh\u1ec7 An Giai \u0110o\u1ea1n 2","description":"Ph\u1ee5c v\u1ee5 t\u1eadn t\u00e2m - N\u00e2ng t\u1ea7m y \u0111\u1ee9c","publisher":{"@id":"https:\/\/ngheanhospital.com\/vi\/#organization"},"alternateName":"B\u1ec7nh vi\u1ec7n \u0110a khoa t\u1ec9nh Ngh\u1ec7 An, B\u1ec7nh vi\u1ec7n HN\u0110KNA, B\u1ec7nh vi\u1ec7n HN\u0110K Ngh\u1ec7 An, B\u1ec7nh vi\u1ec7n Ba Lan m\u1edbi","potentialAction":[{"@type":"SearchAction","target":{"@type":"EntryPoint","urlTemplate":"https:\/\/ngheanhospital.com\/vi\/?s={search_term_string}"},"query-input":{"@type":"PropertyValueSpecification","valueRequired":true,"valueName":"search_term_string"}}],"inLanguage":"en-US"},{"@type":"Organization","@id":"https:\/\/ngheanhospital.com\/vi\/#organization","name":"B\u1ec7nh vi\u1ec7n H\u1eefu ngh\u1ecb \u0110a khoa Ngh\u1ec7 An - Giai \u0111o\u1ea1n 2","alternateName":"B\u1ec7nh vi\u1ec7n \u0110a khoa t\u1ec9nh Ngh\u1ec7 An, B\u1ec7nh vi\u1ec7n HN\u0110KNA, B\u1ec7nh vi\u1ec7n HN\u0110K Ngh\u1ec7 An, B\u1ec7nh vi\u1ec7n Ba Lan m\u1edbi","url":"https:\/\/ngheanhospital.com\/vi\/","logo":{"@type":"ImageObject","inLanguage":"en-US","@id":"https:\/\/ngheanhospital.com\/vi\/#\/schema\/logo\/image\/","url":"https:\/\/ngheanhospital.vn\/wp-content\/uploads\/2024\/08\/LOGO-NAH.png","contentUrl":"https:\/\/ngheanhospital.vn\/wp-content\/uploads\/2024\/08\/LOGO-NAH.png","width":4152,"height":1610,"caption":"B\u1ec7nh vi\u1ec7n H\u1eefu ngh\u1ecb \u0110a khoa Ngh\u1ec7 An - Giai \u0111o\u1ea1n 2"},"image":{"@id":"https:\/\/ngheanhospital.com\/vi\/#\/schema\/logo\/image\/"},"sameAs":["https:\/\/www.facebook.com\/ngheanhospital"],"description":"B\u1ec7nh vi\u1ec7n H\u1eefu ngh\u1ecb \u0110a khoa Ngh\u1ec7 An - Giai \u0111o\u1ea1n 2 N\u0103m 2016, B\u1ec7nh vi\u1ec7n H\u1eefu ngh\u1ecb \u0110a khoa Ngh\u1ec7 An - Giai \u0111o\u1ea1n 2 \u0111\u01b0\u1ee3c \u0111\u01b0\u1ee3c kh\u1edfi c\u00f4ng x\u00e2y d\u1ef1ng, l\u00e0 b\u1ec7nh vi\u1ec7n \u0111\u1ea7u ti\u00ean c\u1ee7a khu v\u1ef1c B\u1eafc Trung B\u1ed9 ho\u1ea1t \u0111\u1ed9ng theo h\u00ecnh th\u1ee9c h\u1ee3p t\u00e1c c\u00f4ng - t\u01b0 v\u1edbi ti\u00eau chu\u1ea9n b\u1ec7nh vi\u1ec7n cao c\u1ea5p. \u0110\u01b0\u1ee3c \u0111\u1ea7u t\u01b0 to\u00e0n di\u1ec7n t\u1eeb h\u1ea1 t\u1ea7ng c\u01a1 s\u1edf v\u1eadt ch\u1ea5t, ch\u1ea5t l\u01b0\u1ee3ng nh\u00e2n s\u1ef1 cho t\u1edbi thi\u1ebft b\u1ecb hi\u1ec7n \u0111\u1ea1i, d\u1eabn \u0111\u1ea7u c\u00f4ng ngh\u1ec7 y khoa, B\u1ec7nh vi\u1ec7n H\u1eefu ngh\u1ecb \u0110a khoa Ngh\u1ec7 An - Giai \u0111o\u1ea1n 2 h\u1ee9a h\u1eb9n s\u1ebd l\u00e0 \u0111\u1ecba ch\u1ec9 kh\u00e1m ch\u1eefa b\u1ec7nh v\u00e0 ch\u0103m s\u00f3c s\u1ee9c kh\u1ecfe \u0111\u01b0\u1ee3c nhi\u1ec1u kh\u00e1ch h\u00e0ng tin t\u01b0\u1edfng l\u1ef1a ch\u1ecdn v\u1edbi nh\u1eefng \u01b0u \u0111i\u1ec3m n\u1ed5i b\u1eadt: star-icon Quy m\u00f4 600 gi\u01b0\u1eddng n\u1ed9i tr\u00fa v\u1edbi g\u1ea7n 20 chuy\u00ean khoa l\u00e2m s\u00e0ng & c\u1eadn l\u00e2m s\u00e0ng star-icon \u0110\u1ed9i ng\u0169 h\u01a1n 300 y b\u00e1c s\u0129 gi\u00e0u kinh nghi\u1ec7m, t\u1eadn t\u00e2m, nhi\u1ec7t huy\u1ebft star-icon H\u1ec7 th\u1ed1ng trang thi\u1ebft b\u1ecb hi\u1ec7n \u0111\u1ea1i, d\u1eabn \u0111\u1ea7u ti\u1ebfn b\u1ed9 c\u1ee7a y h\u1ecdc star-icon D\u1ecbch v\u1ee5 ch\u0103m s\u00f3c s\u1ee9c kh\u1ecfe to\u00e0n di\u1ec7n chu\u1ea9n qu\u1ed1c t\u1ebf","email":"info@ngheanhospital.com","telephone":"0238 397 6666","legalName":"B\u1ec7nh vi\u1ec7n H\u1eefu ngh\u1ecb \u0110a khoa Ngh\u1ec7 An - Giai \u0111o\u1ea1n 2","foundingDate":"2025-01-24","numberOfEmployees":{"@type":"QuantitativeValue","minValue":"201","maxValue":"500"}}]}},"_links":{"self":[{"href":"https:\/\/ngheanhospital.com\/en\/wp-json\/wp\/v2\/pages\/451","targetHints":{"allow":["GET"]}}],"collection":[{"href":"https:\/\/ngheanhospital.com\/en\/wp-json\/wp\/v2\/pages"}],"about":[{"href":"https:\/\/ngheanhospital.com\/en\/wp-json\/wp\/v2\/types\/page"}],"author":[{"embeddable":true,"href":"https:\/\/ngheanhospital.com\/en\/wp-json\/wp\/v2\/users\/4"}],"replies":[{"embeddable":true,"href":"https:\/\/ngheanhospital.com\/en\/wp-json\/wp\/v2\/comments?post=451"}],"version-history":[{"count":7,"href":"https:\/\/ngheanhospital.com\/en\/wp-json\/wp\/v2\/pages\/451\/revisions"}],"predecessor-version":[{"id":1187,"href":"https:\/\/ngheanhospital.com\/en\/wp-json\/wp\/v2\/pages\/451\/revisions\/1187"}],"wp:attachment":[{"href":"https:\/\/ngheanhospital.com\/en\/wp-json\/wp\/v2\/media?parent=451"}],"curies":[{"name":"wp","href":"https:\/\/api.w.org\/{rel}","templated":true}]}}