{"id":441,"date":"2024-07-04T13:16:37","date_gmt":"2024-07-04T13:16:37","guid":{"rendered":"https:\/\/ngheanhospital.vn\/?page_id=441"},"modified":"2025-03-14T14:24:04","modified_gmt":"2025-03-14T07:24:04","slug":"dich-vu-y-te","status":"publish","type":"page","link":"https:\/\/ngheanhospital.com\/en\/dich-vu-y-te\/","title":{"rendered":"Services"},"content":{"rendered":"<p><span style=\"font-size: 18pt; color: #008000;\"><strong>T\u1ea6M SO\u00c1T UNG TH\u01af<\/strong><\/span><\/p>\n<ul>\n<li aria-level=\"1\">\u0110\u00e1p \u1ee9ng \u0111\u1ea7y \u0111\u1ee7 x\u00e9t nghi\u1ec7m, \u0111\u1eb7c bi\u1ec7t l\u00e0 c\u00e1c ch\u1ea5t ch\u1ec9 \u0111i\u1ec3m u (tumor marker) trong m\u00e1u, n\u01b0\u1edbc ti\u1ec3u, ph\u00e2n, t\u1ed5 ch\u1ee9c u hay c\u00e1c t\u1ed5 ch\u1ee9c kh\u00e1c, ho\u1eb7c trong d\u1ecbch c\u01a1 th\u1ec3 c\u1ee7a m\u1ed9t s\u1ed1 b\u1ec7nh nh\u00e2n ung th\u01b0; sinh thi\u1ebft; gi\u1ea3i tr\u00ecnh t\u1ef1 DNA,\u2026<\/li>\n<li aria-level=\"1\">Ch\u1ea9n \u0111o\u00e1n h\u00ecnh \u1ea3nh ung b\u01b0\u1edbu k\u1ef9 thu\u1eadt cao b\u1eb1ng m\u00e1y ch\u1ee5p c\u1eaft l\u1edbp vi t\u00ednh (CT-scanner), ch\u1ee5p c\u1ed9ng h\u01b0\u1edfng t\u1eeb (MRI), ch\u1ee5p quang tuy\u1ebfn v\u00fa (Mammography), \u0111\u00e1nh gi\u00e1 m\u1ee9c \u0111\u1ed9 x\u01a1 gan (Fibroscan)\u2026<\/li>\n<li aria-level=\"1\">X\u00e9t nghi\u1ec7m \u0111\u1ed9t bi\u1ebfn m\u00f4 u ung th\u01b0 v\u00fa (FFPE)<\/li>\n<li aria-level=\"1\">Ch\u1ee5p c\u1eaft l\u1edbp vi t\u00ednh ti\u1ec3u khung th\u01b0\u1eddng quy (g\u1ed3m: ch\u1ee5p c\u1eaft l\u1edbp vi t\u00ednh t\u1eed cung-bu\u1ed3ng tr\u1ee9ng, ti\u1ec1n li\u1ec7t tuy\u1ebfn, c\u00e1c kh\u1ed1i u v\u00f9ng ti\u1ec3u khung.v.v.) (t\u1eeb 64-128 d\u00e3y) [Kh\u00f4ng ti\u00eam thu\u1ed1c]<\/li>\n<li aria-level=\"1\">T\u1ea7m so\u00e1t Ung th\u01b0 ti\u00eau h\u00f3a:\n<ul>\n<li>N\u1ed9i soi \u0111\u1ea1i tr\u00e0ng v\u00e0 \u0111i\u1ec1u tr\u1ecb b\u1ec7nh ti\u00eau h\u00f3a<\/li>\n<li>Ch\u1ea9n \u0111o\u00e1n v\u00e0 ph\u00e1t hi\u1ec7n s\u1edbm c\u00e1c v\u1ea5n \u0111\u1ec1 b\u1ec7nh l\u00fd, d\u1ecb t\u1eadt \u0111\u01b0\u1eddng ti\u00eau ho\u00e1 nh\u01b0:\n<ul>\n<li>N\u1ed9i soi d\u1ea1 d\u00e0y c\u00f3 g\u00e2y m\u00ea<\/li>\n<li>N\u1ed9i soi \u0111\u1ea1i tr\u00e0ng c\u00f3 g\u00e2y m\u00ea<\/li>\n<li>\u0110\u1ed1t \u0111i\u1ec7n b\u1eb1ng s\u00f3ng cao t\u1ea7n \u0111i\u1ec1u tr\u1ecb kh\u1ed1i U gan<\/li>\n<li>Soi \u1ed5 b\u1ee5ng g\u00e2y m\u00ea<\/li>\n<li>Ch\u1ee5p m\u1eadt t\u1ee5y ng\u01b0\u1ee3c d\u00f2ng l\u1ea5y giun chui \u1ed1ng m\u1eadt<\/li>\n<li>Ch\u1ee5p m\u1eadt t\u1ee5y ng\u01b0\u1ee3c d\u00f2ng l\u1ea5y s\u1ecfi m\u1eadt<\/li>\n<li>Ch\u1ee5p m\u1eadt t\u1ee5y ng\u01b0\u1ee3c d\u00f2ng \u0111\u1eb7t stent \u0111\u01b0\u1eddng m\u1eadt-t\u1ee5y<\/li>\n<li>Ch\u1ecdc h\u00fat ap-xe gan<\/li>\n<\/ul>\n<\/li>\n<li>D\u1ecbch v\u1ee5 ch\u0103m s\u00f3c b\u1ec7nh nh\u00e2n n\u1ed9i soi trong ng\u00e0y.<\/li>\n<li>Ch\u1ee5p X-quang th\u1ef1c qu\u1ea3n, hay ch\u1ee5p th\u1ef1c qu\u1ea3n \u0111\u1ed3.<\/li>\n<li>N\u1ed9i soi th\u1ef1c qu\u1ea3n v\u00e0 s\u1ebd b\u1ea5m sinh thi\u1ebft \u1edf b\u1ea5t c\u1ee9 v\u00f9ng n\u00e0o b\u1ecb t\u1ed5n th\u01b0\u01a1ng.<\/li>\n<li>C\u1eaft polyp<\/li>\n<li>L\u1ea5y d\u1ecb v\u1eadt<\/li>\n<li>C\u1ea7m m\u00e1u<\/li>\n<li>Nong ch\u1ed7 h\u1eb9p<\/li>\n<li>\u0110i\u1ec1u tr\u1ecb xo\u1eafn \u0111\u1ea1i tr\u00e0ng<\/li>\n<\/ul>\n<\/li>\n<li aria-level=\"1\">T\u1ea7m so\u00e1t Ung th\u01b0 c\u1ed5 t\u1eed cung:\n<ul>\n<li>X\u00e9t nghi\u1ec7m Pap Smear<\/li>\n<li>X\u00e9t nghi\u1ec7m Thinprep<\/li>\n<li>X\u00e9t nghi\u1ec7m HPV DNA<\/li>\n<\/ul>\n<\/li>\n<\/ul>\n<p><b>T\u1ea7m so\u00e1t ung th\u01b0 t\u1ea1i b\u1ec7nh vi\u1ec7n H\u1eefu ngh\u1ecb \u0110a khoa Ngh\u1ec7 An &#8211; Giai \u0111o\u1ea1n 2, kh\u00e1ch h\u00e0ng s\u1ebd \u0111\u01b0\u1ee3c tr\u1ea3i nghi\u1ec7m c\u00e1c d\u1ecbch v\u1ee5 t\u1ed1t nh\u1ea5t v\u1edbi \u0111\u1ed9i ng\u0169 b\u00e1c s\u0129 h\u00e0ng \u0111\u1ea7u:<\/b><\/p>\n<p><b>C\u1eadp nh\u1eadt c\u00e1c ph\u00e1c \u0111\u1ed3 \u0111i\u1ec1u tr\u1ecb m\u1edbi nh\u1ea5t<\/b>\u00a0theo h\u01b0\u1edbng d\u1eabn \u0111i\u1ec1u tr\u1ecb qu\u1ed1c t\u1ebf; c\u00e1c lo\u1ea1i thu\u1ed1c m\u1edbi l\u01b0u h\u00e0nh, thu\u1ed1c tr\u00fang \u0111\u00edch, thu\u1ed1c mi\u1ec5n d\u1ecbch\u2026; c\u1eadp nh\u1eadt v\u00e0 \u1ee9ng d\u1ee5ng nh\u1eefng ti\u1ebfn b\u1ed9 v\u1ec1 sinh h\u1ecdc ph\u00e2n t\u1eed nh\u1eb1m c\u00e1 th\u1ec3 h\u00f3a \u0111i\u1ec1u tr\u1ecb, t\u0103ng hi\u1ec7u qu\u1ea3 \u0111i\u1ec1u tr\u1ecb v\u00e0 c\u1ea3i thi\u1ec7n ch\u1ea5t l\u01b0\u1ee3ng s\u1ed1ng cho ng\u01b0\u1eddi b\u1ec7nh.<\/p>\n<p><b>Ph\u1ed1i h\u1ee3p ch\u1eb7t ch\u1ebd v\u1edbi c\u00e1c chuy\u00ean khoa kh\u00e1c<\/b>\u00a0nh\u01b0: Ngo\u1ea1i, Ph\u1ee5 s\u1ea3n, N\u1ed9i ti\u1ebft, Ch\u1ea9n \u0111o\u00e1n h\u00ecnh \u1ea3nh, X\u00e9t nghi\u1ec7m, G\u00e2y m\u00ea h\u1ed3i s\u1ee9c\u2026 l\u1eadp k\u1ebf ho\u1ea1ch \u0111i\u1ec1u tr\u1ecb to\u00e0n di\u1ec7n, \u0111a m\u00f4 th\u1ee9c, r\u00fat ng\u1eafn th\u1eddi gian v\u00e0 t\u0103ng hi\u1ec7u qu\u1ea3 \u0111i\u1ec1u tr\u1ecb.<\/p>\n<p><b>D\u1ecbch v\u1ee5 ch\u0103m s\u00f3c, \u0111i\u1ec1u tr\u1ecb cao c\u1ea5p:\u00a0<\/b><\/p>\n<ul>\n<li aria-level=\"1\">H\u1ec7 th\u1ed1ng ph\u00f2ng VIP \u0111i\u1ec1u tr\u1ecb trong ng\u00e0y v\u1edbi \u0111\u1ea7y \u0111\u1ee7 m\u00e1y m\u00f3c, ti\u1ec7n nghi hi\u1ec7n \u0111\u1ea1i nh\u01b0 gh\u1ebf truy\u1ec1n h\u00f3a ch\u1ea5t c\u00f3 m\u00e0n h\u00ecnh, b\u00e0n \u0103n ph\u1ee5c v\u1ee5 nhu c\u1ea7u gi\u1ea3i tr\u00ed, th\u01b0 gi\u00e3n trong qu\u00e1 tr\u00ecnh \u0111i\u1ec1u tr\u1ecb v\u00e0 \u0111\u1ea3m b\u1ea3o s\u1ef1 ri\u00eang t\u01b0 c\u1ee7a m\u1ed7i ng\u01b0\u1eddi b\u1ec7nh.<\/li>\n<li aria-level=\"1\">Khu n\u1ed9i tr\u00fa \u0111\u01b0\u1ee3c thi\u1ebft k\u1ebf v\u00e0 b\u00e0i tr\u00ed theo ti\u00eau chu\u1ea9n cao c\u1ea5p v\u1edbi \u0111\u1ea7y \u0111\u1ee7 \u0111\u1ed3 d\u00f9ng c\u00e1 nh\u00e2n, minibar, tivi m\u00e0n h\u00ecnh LED, internet, thi\u1ebft b\u1ecb k\u1ebft n\u1ed1i nh\u00e2n vi\u00ean y t\u1ebf 24\/24, h\u1ec7 th\u1ed1ng kh\u00ed y t\u1ebf v\u00e0 c\u00e1c thi\u1ebft b\u1ecb c\u1ea5p c\u1ee9u b\u1ed1 tr\u00ed ngay t\u1ea1i gi\u01b0\u1eddng\u2026<\/li>\n<li aria-level=\"1\">Ph\u00f2ng ti\u1ebfp \u0111\u00f3n \u0111\u01b0\u1ee3c trang tr\u00ed v\u1edbi m\u00e0u s\u1eafc t\u01b0\u01a1i vui, t\u1ea1o c\u1ea3m gi\u00e1c \u1ea5m c\u00fang v\u00e0 th\u00e2n thi\u1ec7n.<\/li>\n<\/ul>\n<p><b>Nh\u00e2n vi\u00ean ch\u0103m s\u00f3c chuy\u00ean nghi\u1ec7p, t\u1eadn t\u00e2m<\/b>\u00a0khi ng\u01b0\u1eddi b\u1ec7nh kh\u00e1m, \u0111i\u1ec1u tr\u1ecb t\u1ea1i b\u1ec7nh vi\u1ec7n. T\u01b0 v\u1ea5n, h\u1ed7 tr\u1ee3 mi\u1ec5n ph\u00ed qua t\u1ed5ng \u0111\u00e0i, website v\u00e0 fanpage.<\/p>\n","protected":false},"excerpt":{"rendered":"<p>T\u1ea6M SO\u00c1T UNG TH\u01af \u0110\u00e1p \u1ee9ng \u0111\u1ea7y \u0111\u1ee7 x\u00e9t nghi\u1ec7m, \u0111\u1eb7c bi\u1ec7t l\u00e0 c\u00e1c ch\u1ea5t ch\u1ec9 \u0111i\u1ec3m u (tumor marker) trong m\u00e1u, n\u01b0\u1edbc ti\u1ec3u, ph\u00e2n, t\u1ed5 ch\u1ee9c u hay c\u00e1c t\u1ed5 ch\u1ee9c kh\u00e1c, ho\u1eb7c trong d\u1ecbch c\u01a1 th\u1ec3 c\u1ee7a m\u1ed9t s\u1ed1 b\u1ec7nh nh\u00e2n ung th\u01b0; sinh thi\u1ebft; gi\u1ea3i tr\u00ecnh t\u1ef1 DNA,\u2026 Ch\u1ea9n \u0111o\u00e1n h\u00ecnh \u1ea3nh [&hellip;]<\/p>\n","protected":false},"author":4,"featured_media":0,"parent":0,"menu_order":0,"comment_status":"closed","ping_status":"closed","template":"page-services-table.php","meta":{"_acf_changed":false,"footnotes":""},"class_list":["post-441","page","type-page","status-publish","hentry"],"acf":[],"yoast_head":"<!-- This site is optimized with the Yoast SEO Premium plugin v24.5 (Yoast SEO v27.3) - https:\/\/yoast.com\/product\/yoast-seo-premium-wordpress\/ -->\n<title>D\u1ecbch V\u1ee5 Y T\u1ebf - B\u1ec6NH VI\u1ec6N H\u1eeeU NGH\u1eca \u0110A KHOA NGH\u1ec6 AN - GIAI \u0110O\u1ea0N 2<\/title>\n<meta name=\"robots\" content=\"index, follow, max-snippet:-1, max-image-preview:large, max-video-preview:-1\" \/>\n<link rel=\"canonical\" href=\"https:\/\/ngheanhospital.vn\/vi\/dich-vu-y-te\/\" \/>\n<meta property=\"og:locale\" content=\"en_US\" \/>\n<meta property=\"og:type\" content=\"article\" \/>\n<meta property=\"og:title\" content=\"D\u1ecbch V\u1ee5 Y T\u1ebf\" \/>\n<meta property=\"og:description\" content=\"T\u1ea6M SO\u00c1T UNG TH\u01af \u0110\u00e1p \u1ee9ng \u0111\u1ea7y \u0111\u1ee7 x\u00e9t nghi\u1ec7m, \u0111\u1eb7c bi\u1ec7t l\u00e0 c\u00e1c ch\u1ea5t ch\u1ec9 \u0111i\u1ec3m u (tumor marker) trong m\u00e1u, n\u01b0\u1edbc ti\u1ec3u, ph\u00e2n, t\u1ed5 ch\u1ee9c u hay c\u00e1c t\u1ed5 ch\u1ee9c kh\u00e1c, ho\u1eb7c trong d\u1ecbch c\u01a1 th\u1ec3 c\u1ee7a m\u1ed9t s\u1ed1 b\u1ec7nh nh\u00e2n ung th\u01b0; sinh thi\u1ebft; gi\u1ea3i tr\u00ecnh t\u1ef1 DNA,\u2026 Ch\u1ea9n \u0111o\u00e1n h\u00ecnh \u1ea3nh [&hellip;]\" \/>\n<meta property=\"og:url\" content=\"https:\/\/ngheanhospital.vn\/vi\/dich-vu-y-te\/\" \/>\n<meta property=\"og:site_name\" content=\"B\u1ec6NH VI\u1ec6N H\u1eeeU NGH\u1eca \u0110A KHOA NGH\u1ec6 AN - GIAI \u0110O\u1ea0N 2\" \/>\n<meta property=\"article:publisher\" content=\"https:\/\/www.facebook.com\/ngheanhospital\" \/>\n<meta property=\"article:modified_time\" content=\"2025-03-14T07:24:04+00:00\" \/>\n<meta property=\"og:image\" content=\"https:\/\/ngheanhospital.com\/wp-content\/uploads\/2025\/03\/COVER-01-01-e1720950971581.png\" \/>\n\t<meta property=\"og:image:width\" content=\"1920\" \/>\n\t<meta property=\"og:image:height\" content=\"731\" \/>\n\t<meta property=\"og:image:type\" content=\"image\/png\" \/>\n<meta name=\"twitter:card\" content=\"summary_large_image\" \/>\n<meta name=\"twitter:label1\" content=\"Est. reading time\" \/>\n\t<meta name=\"twitter:data1\" content=\"4 minutes\" \/>\n<script type=\"application\/ld+json\" class=\"yoast-schema-graph\">{\"@context\":\"https:\\\/\\\/schema.org\",\"@graph\":[{\"@type\":\"WebPage\",\"@id\":\"https:\\\/\\\/ngheanhospital.vn\\\/vi\\\/dich-vu-y-te\\\/\",\"url\":\"https:\\\/\\\/ngheanhospital.vn\\\/vi\\\/dich-vu-y-te\\\/\",\"name\":\"D\u1ecbch V\u1ee5 Y T\u1ebf - B\u1ec6NH VI\u1ec6N H\u1eeeU NGH\u1eca \u0110A KHOA NGH\u1ec6 AN - GIAI \u0110O\u1ea0N 2\",\"isPartOf\":{\"@id\":\"https:\\\/\\\/ngheanhospital.com\\\/vi\\\/#website\"},\"datePublished\":\"2024-07-04T13:16:37+00:00\",\"dateModified\":\"2025-03-14T07:24:04+00:00\",\"breadcrumb\":{\"@id\":\"https:\\\/\\\/ngheanhospital.vn\\\/vi\\\/dich-vu-y-te\\\/#breadcrumb\"},\"inLanguage\":\"en-US\",\"potentialAction\":[{\"@type\":\"ReadAction\",\"target\":[\"https:\\\/\\\/ngheanhospital.vn\\\/vi\\\/dich-vu-y-te\\\/\"]}]},{\"@type\":\"BreadcrumbList\",\"@id\":\"https:\\\/\\\/ngheanhospital.vn\\\/vi\\\/dich-vu-y-te\\\/#breadcrumb\",\"itemListElement\":[{\"@type\":\"ListItem\",\"position\":1,\"name\":\"Home\",\"item\":\"https:\\\/\\\/ngheanhospital.com\\\/vi\\\/\"},{\"@type\":\"ListItem\",\"position\":2,\"name\":\"D\u1ecbch V\u1ee5 Y T\u1ebf\"}]},{\"@type\":\"WebSite\",\"@id\":\"https:\\\/\\\/ngheanhospital.com\\\/vi\\\/#website\",\"url\":\"https:\\\/\\\/ngheanhospital.com\\\/vi\\\/\",\"name\":\"B\u1ec7nh vi\u1ec7n H\u1eefu ngh\u1ecb \u0110a khoa Ngh\u1ec7 An Giai \u0110o\u1ea1n 2\",\"description\":\"Ph\u1ee5c v\u1ee5 t\u1eadn t\u00e2m - N\u00e2ng t\u1ea7m y \u0111\u1ee9c\",\"publisher\":{\"@id\":\"https:\\\/\\\/ngheanhospital.com\\\/vi\\\/#organization\"},\"alternateName\":\"B\u1ec7nh vi\u1ec7n \u0110a khoa t\u1ec9nh Ngh\u1ec7 An, B\u1ec7nh vi\u1ec7n HN\u0110KNA, B\u1ec7nh vi\u1ec7n HN\u0110K Ngh\u1ec7 An, B\u1ec7nh vi\u1ec7n Ba Lan m\u1edbi\",\"potentialAction\":[{\"@type\":\"SearchAction\",\"target\":{\"@type\":\"EntryPoint\",\"urlTemplate\":\"https:\\\/\\\/ngheanhospital.com\\\/vi\\\/?s={search_term_string}\"},\"query-input\":{\"@type\":\"PropertyValueSpecification\",\"valueRequired\":true,\"valueName\":\"search_term_string\"}}],\"inLanguage\":\"en-US\"},{\"@type\":\"Organization\",\"@id\":\"https:\\\/\\\/ngheanhospital.com\\\/vi\\\/#organization\",\"name\":\"B\u1ec7nh vi\u1ec7n H\u1eefu ngh\u1ecb \u0110a khoa Ngh\u1ec7 An - Giai \u0111o\u1ea1n 2\",\"alternateName\":\"B\u1ec7nh vi\u1ec7n \u0110a khoa t\u1ec9nh Ngh\u1ec7 An, B\u1ec7nh vi\u1ec7n HN\u0110KNA, B\u1ec7nh vi\u1ec7n HN\u0110K Ngh\u1ec7 An, B\u1ec7nh vi\u1ec7n Ba Lan m\u1edbi\",\"url\":\"https:\\\/\\\/ngheanhospital.com\\\/vi\\\/\",\"logo\":{\"@type\":\"ImageObject\",\"inLanguage\":\"en-US\",\"@id\":\"https:\\\/\\\/ngheanhospital.com\\\/vi\\\/#\\\/schema\\\/logo\\\/image\\\/\",\"url\":\"https:\\\/\\\/ngheanhospital.vn\\\/wp-content\\\/uploads\\\/2024\\\/08\\\/LOGO-NAH.png\",\"contentUrl\":\"https:\\\/\\\/ngheanhospital.vn\\\/wp-content\\\/uploads\\\/2024\\\/08\\\/LOGO-NAH.png\",\"width\":4152,\"height\":1610,\"caption\":\"B\u1ec7nh vi\u1ec7n H\u1eefu ngh\u1ecb \u0110a khoa Ngh\u1ec7 An - Giai \u0111o\u1ea1n 2\"},\"image\":{\"@id\":\"https:\\\/\\\/ngheanhospital.com\\\/vi\\\/#\\\/schema\\\/logo\\\/image\\\/\"},\"sameAs\":[\"https:\\\/\\\/www.facebook.com\\\/ngheanhospital\"],\"description\":\"B\u1ec7nh vi\u1ec7n H\u1eefu ngh\u1ecb \u0110a khoa Ngh\u1ec7 An - Giai \u0111o\u1ea1n 2 N\u0103m 2016, B\u1ec7nh vi\u1ec7n H\u1eefu ngh\u1ecb \u0110a khoa Ngh\u1ec7 An - Giai \u0111o\u1ea1n 2 \u0111\u01b0\u1ee3c \u0111\u01b0\u1ee3c kh\u1edfi c\u00f4ng x\u00e2y d\u1ef1ng, l\u00e0 b\u1ec7nh vi\u1ec7n \u0111\u1ea7u ti\u00ean c\u1ee7a khu v\u1ef1c B\u1eafc Trung B\u1ed9 ho\u1ea1t \u0111\u1ed9ng theo h\u00ecnh th\u1ee9c h\u1ee3p t\u00e1c c\u00f4ng - t\u01b0 v\u1edbi ti\u00eau chu\u1ea9n b\u1ec7nh vi\u1ec7n cao c\u1ea5p. \u0110\u01b0\u1ee3c \u0111\u1ea7u t\u01b0 to\u00e0n di\u1ec7n t\u1eeb h\u1ea1 t\u1ea7ng c\u01a1 s\u1edf v\u1eadt ch\u1ea5t, ch\u1ea5t l\u01b0\u1ee3ng nh\u00e2n s\u1ef1 cho t\u1edbi thi\u1ebft b\u1ecb hi\u1ec7n \u0111\u1ea1i, d\u1eabn \u0111\u1ea7u c\u00f4ng ngh\u1ec7 y khoa, B\u1ec7nh vi\u1ec7n H\u1eefu ngh\u1ecb \u0110a khoa Ngh\u1ec7 An - Giai \u0111o\u1ea1n 2 h\u1ee9a h\u1eb9n s\u1ebd l\u00e0 \u0111\u1ecba ch\u1ec9 kh\u00e1m ch\u1eefa b\u1ec7nh v\u00e0 ch\u0103m s\u00f3c s\u1ee9c kh\u1ecfe \u0111\u01b0\u1ee3c nhi\u1ec1u kh\u00e1ch h\u00e0ng tin t\u01b0\u1edfng l\u1ef1a ch\u1ecdn v\u1edbi nh\u1eefng \u01b0u \u0111i\u1ec3m n\u1ed5i b\u1eadt: star-icon Quy m\u00f4 600 gi\u01b0\u1eddng n\u1ed9i tr\u00fa v\u1edbi g\u1ea7n 20 chuy\u00ean khoa l\u00e2m s\u00e0ng & c\u1eadn l\u00e2m s\u00e0ng star-icon \u0110\u1ed9i ng\u0169 h\u01a1n 300 y b\u00e1c s\u0129 gi\u00e0u kinh nghi\u1ec7m, t\u1eadn t\u00e2m, nhi\u1ec7t huy\u1ebft star-icon H\u1ec7 th\u1ed1ng trang thi\u1ebft b\u1ecb hi\u1ec7n \u0111\u1ea1i, d\u1eabn \u0111\u1ea7u ti\u1ebfn b\u1ed9 c\u1ee7a y h\u1ecdc star-icon D\u1ecbch v\u1ee5 ch\u0103m s\u00f3c s\u1ee9c kh\u1ecfe to\u00e0n di\u1ec7n chu\u1ea9n qu\u1ed1c t\u1ebf\",\"email\":\"info@ngheanhospital.com\",\"telephone\":\"0238 397 6666\",\"legalName\":\"B\u1ec7nh vi\u1ec7n H\u1eefu ngh\u1ecb \u0110a khoa Ngh\u1ec7 An - Giai \u0111o\u1ea1n 2\",\"foundingDate\":\"2025-01-24\",\"numberOfEmployees\":{\"@type\":\"QuantitativeValue\",\"minValue\":\"201\",\"maxValue\":\"500\"}}]}<\/script>\n<!-- \/ Yoast SEO Premium plugin. -->","yoast_head_json":{"title":"D\u1ecbch V\u1ee5 Y T\u1ebf - B\u1ec6NH VI\u1ec6N H\u1eeeU NGH\u1eca \u0110A KHOA NGH\u1ec6 AN - GIAI \u0110O\u1ea0N 2","robots":{"index":"index","follow":"follow","max-snippet":"max-snippet:-1","max-image-preview":"max-image-preview:large","max-video-preview":"max-video-preview:-1"},"canonical":"https:\/\/ngheanhospital.vn\/vi\/dich-vu-y-te\/","og_locale":"en_US","og_type":"article","og_title":"D\u1ecbch V\u1ee5 Y T\u1ebf","og_description":"T\u1ea6M SO\u00c1T UNG TH\u01af \u0110\u00e1p \u1ee9ng \u0111\u1ea7y \u0111\u1ee7 x\u00e9t nghi\u1ec7m, \u0111\u1eb7c bi\u1ec7t l\u00e0 c\u00e1c ch\u1ea5t ch\u1ec9 \u0111i\u1ec3m u (tumor marker) trong m\u00e1u, n\u01b0\u1edbc ti\u1ec3u, ph\u00e2n, t\u1ed5 ch\u1ee9c u hay c\u00e1c t\u1ed5 ch\u1ee9c kh\u00e1c, ho\u1eb7c trong d\u1ecbch c\u01a1 th\u1ec3 c\u1ee7a m\u1ed9t s\u1ed1 b\u1ec7nh nh\u00e2n ung th\u01b0; sinh thi\u1ebft; gi\u1ea3i tr\u00ecnh t\u1ef1 DNA,\u2026 Ch\u1ea9n \u0111o\u00e1n h\u00ecnh \u1ea3nh [&hellip;]","og_url":"https:\/\/ngheanhospital.vn\/vi\/dich-vu-y-te\/","og_site_name":"B\u1ec6NH VI\u1ec6N H\u1eeeU NGH\u1eca \u0110A KHOA NGH\u1ec6 AN - GIAI \u0110O\u1ea0N 2","article_publisher":"https:\/\/www.facebook.com\/ngheanhospital","article_modified_time":"2025-03-14T07:24:04+00:00","og_image":[{"width":1920,"height":731,"url":"https:\/\/ngheanhospital.com\/wp-content\/uploads\/2025\/03\/COVER-01-01-e1720950971581.png","type":"image\/png"}],"twitter_card":"summary_large_image","twitter_misc":{"Est. reading time":"4 minutes"},"schema":{"@context":"https:\/\/schema.org","@graph":[{"@type":"WebPage","@id":"https:\/\/ngheanhospital.vn\/vi\/dich-vu-y-te\/","url":"https:\/\/ngheanhospital.vn\/vi\/dich-vu-y-te\/","name":"D\u1ecbch V\u1ee5 Y T\u1ebf - B\u1ec6NH VI\u1ec6N H\u1eeeU NGH\u1eca \u0110A KHOA NGH\u1ec6 AN - GIAI \u0110O\u1ea0N 2","isPartOf":{"@id":"https:\/\/ngheanhospital.com\/vi\/#website"},"datePublished":"2024-07-04T13:16:37+00:00","dateModified":"2025-03-14T07:24:04+00:00","breadcrumb":{"@id":"https:\/\/ngheanhospital.vn\/vi\/dich-vu-y-te\/#breadcrumb"},"inLanguage":"en-US","potentialAction":[{"@type":"ReadAction","target":["https:\/\/ngheanhospital.vn\/vi\/dich-vu-y-te\/"]}]},{"@type":"BreadcrumbList","@id":"https:\/\/ngheanhospital.vn\/vi\/dich-vu-y-te\/#breadcrumb","itemListElement":[{"@type":"ListItem","position":1,"name":"Home","item":"https:\/\/ngheanhospital.com\/vi\/"},{"@type":"ListItem","position":2,"name":"D\u1ecbch V\u1ee5 Y T\u1ebf"}]},{"@type":"WebSite","@id":"https:\/\/ngheanhospital.com\/vi\/#website","url":"https:\/\/ngheanhospital.com\/vi\/","name":"B\u1ec7nh vi\u1ec7n H\u1eefu ngh\u1ecb \u0110a khoa Ngh\u1ec7 An Giai \u0110o\u1ea1n 2","description":"Ph\u1ee5c v\u1ee5 t\u1eadn t\u00e2m - N\u00e2ng t\u1ea7m y \u0111\u1ee9c","publisher":{"@id":"https:\/\/ngheanhospital.com\/vi\/#organization"},"alternateName":"B\u1ec7nh vi\u1ec7n \u0110a khoa t\u1ec9nh Ngh\u1ec7 An, B\u1ec7nh vi\u1ec7n HN\u0110KNA, B\u1ec7nh vi\u1ec7n HN\u0110K Ngh\u1ec7 An, B\u1ec7nh vi\u1ec7n Ba Lan m\u1edbi","potentialAction":[{"@type":"SearchAction","target":{"@type":"EntryPoint","urlTemplate":"https:\/\/ngheanhospital.com\/vi\/?s={search_term_string}"},"query-input":{"@type":"PropertyValueSpecification","valueRequired":true,"valueName":"search_term_string"}}],"inLanguage":"en-US"},{"@type":"Organization","@id":"https:\/\/ngheanhospital.com\/vi\/#organization","name":"B\u1ec7nh vi\u1ec7n H\u1eefu ngh\u1ecb \u0110a khoa Ngh\u1ec7 An - Giai \u0111o\u1ea1n 2","alternateName":"B\u1ec7nh vi\u1ec7n \u0110a khoa t\u1ec9nh Ngh\u1ec7 An, B\u1ec7nh vi\u1ec7n HN\u0110KNA, B\u1ec7nh vi\u1ec7n HN\u0110K Ngh\u1ec7 An, B\u1ec7nh vi\u1ec7n Ba Lan m\u1edbi","url":"https:\/\/ngheanhospital.com\/vi\/","logo":{"@type":"ImageObject","inLanguage":"en-US","@id":"https:\/\/ngheanhospital.com\/vi\/#\/schema\/logo\/image\/","url":"https:\/\/ngheanhospital.vn\/wp-content\/uploads\/2024\/08\/LOGO-NAH.png","contentUrl":"https:\/\/ngheanhospital.vn\/wp-content\/uploads\/2024\/08\/LOGO-NAH.png","width":4152,"height":1610,"caption":"B\u1ec7nh vi\u1ec7n H\u1eefu ngh\u1ecb \u0110a khoa Ngh\u1ec7 An - Giai \u0111o\u1ea1n 2"},"image":{"@id":"https:\/\/ngheanhospital.com\/vi\/#\/schema\/logo\/image\/"},"sameAs":["https:\/\/www.facebook.com\/ngheanhospital"],"description":"B\u1ec7nh vi\u1ec7n H\u1eefu ngh\u1ecb \u0110a khoa Ngh\u1ec7 An - Giai \u0111o\u1ea1n 2 N\u0103m 2016, B\u1ec7nh vi\u1ec7n H\u1eefu ngh\u1ecb \u0110a khoa Ngh\u1ec7 An - Giai \u0111o\u1ea1n 2 \u0111\u01b0\u1ee3c \u0111\u01b0\u1ee3c kh\u1edfi c\u00f4ng x\u00e2y d\u1ef1ng, l\u00e0 b\u1ec7nh vi\u1ec7n \u0111\u1ea7u ti\u00ean c\u1ee7a khu v\u1ef1c B\u1eafc Trung B\u1ed9 ho\u1ea1t \u0111\u1ed9ng theo h\u00ecnh th\u1ee9c h\u1ee3p t\u00e1c c\u00f4ng - t\u01b0 v\u1edbi ti\u00eau chu\u1ea9n b\u1ec7nh vi\u1ec7n cao c\u1ea5p. \u0110\u01b0\u1ee3c \u0111\u1ea7u t\u01b0 to\u00e0n di\u1ec7n t\u1eeb h\u1ea1 t\u1ea7ng c\u01a1 s\u1edf v\u1eadt ch\u1ea5t, ch\u1ea5t l\u01b0\u1ee3ng nh\u00e2n s\u1ef1 cho t\u1edbi thi\u1ebft b\u1ecb hi\u1ec7n \u0111\u1ea1i, d\u1eabn \u0111\u1ea7u c\u00f4ng ngh\u1ec7 y khoa, B\u1ec7nh vi\u1ec7n H\u1eefu ngh\u1ecb \u0110a khoa Ngh\u1ec7 An - Giai \u0111o\u1ea1n 2 h\u1ee9a h\u1eb9n s\u1ebd l\u00e0 \u0111\u1ecba ch\u1ec9 kh\u00e1m ch\u1eefa b\u1ec7nh v\u00e0 ch\u0103m s\u00f3c s\u1ee9c kh\u1ecfe \u0111\u01b0\u1ee3c nhi\u1ec1u kh\u00e1ch h\u00e0ng tin t\u01b0\u1edfng l\u1ef1a ch\u1ecdn v\u1edbi nh\u1eefng \u01b0u \u0111i\u1ec3m n\u1ed5i b\u1eadt: star-icon Quy m\u00f4 600 gi\u01b0\u1eddng n\u1ed9i tr\u00fa v\u1edbi g\u1ea7n 20 chuy\u00ean khoa l\u00e2m s\u00e0ng & c\u1eadn l\u00e2m s\u00e0ng star-icon \u0110\u1ed9i ng\u0169 h\u01a1n 300 y b\u00e1c s\u0129 gi\u00e0u kinh nghi\u1ec7m, t\u1eadn t\u00e2m, nhi\u1ec7t huy\u1ebft star-icon H\u1ec7 th\u1ed1ng trang thi\u1ebft b\u1ecb hi\u1ec7n \u0111\u1ea1i, d\u1eabn \u0111\u1ea7u ti\u1ebfn b\u1ed9 c\u1ee7a y h\u1ecdc star-icon D\u1ecbch v\u1ee5 ch\u0103m s\u00f3c s\u1ee9c kh\u1ecfe to\u00e0n di\u1ec7n chu\u1ea9n qu\u1ed1c t\u1ebf","email":"info@ngheanhospital.com","telephone":"0238 397 6666","legalName":"B\u1ec7nh vi\u1ec7n H\u1eefu ngh\u1ecb \u0110a khoa Ngh\u1ec7 An - Giai \u0111o\u1ea1n 2","foundingDate":"2025-01-24","numberOfEmployees":{"@type":"QuantitativeValue","minValue":"201","maxValue":"500"}}]}},"_links":{"self":[{"href":"https:\/\/ngheanhospital.com\/en\/wp-json\/wp\/v2\/pages\/441","targetHints":{"allow":["GET"]}}],"collection":[{"href":"https:\/\/ngheanhospital.com\/en\/wp-json\/wp\/v2\/pages"}],"about":[{"href":"https:\/\/ngheanhospital.com\/en\/wp-json\/wp\/v2\/types\/page"}],"author":[{"embeddable":true,"href":"https:\/\/ngheanhospital.com\/en\/wp-json\/wp\/v2\/users\/4"}],"replies":[{"embeddable":true,"href":"https:\/\/ngheanhospital.com\/en\/wp-json\/wp\/v2\/comments?post=441"}],"version-history":[{"count":3,"href":"https:\/\/ngheanhospital.com\/en\/wp-json\/wp\/v2\/pages\/441\/revisions"}],"predecessor-version":[{"id":836,"href":"https:\/\/ngheanhospital.com\/en\/wp-json\/wp\/v2\/pages\/441\/revisions\/836"}],"wp:attachment":[{"href":"https:\/\/ngheanhospital.com\/en\/wp-json\/wp\/v2\/media?parent=441"}],"curies":[{"name":"wp","href":"https:\/\/api.w.org\/{rel}","templated":true}]}}