{"id":1114,"date":"2025-05-15T13:15:28","date_gmt":"2025-05-15T06:15:28","guid":{"rendered":"https:\/\/www.ngheanhospital.vn\/?page_id=1114"},"modified":"2025-05-19T15:18:14","modified_gmt":"2025-05-19T08:18:14","slug":"chinh-sach-thanh-toan","status":"publish","type":"page","link":"https:\/\/ngheanhospital.com\/en\/chinh-sach-thanh-toan\/","title":{"rendered":"Ch\u00ednh s\u00e1ch thanh to\u00e1n"},"content":{"rendered":"<p>B\u1ec7nh vi\u1ec7n H\u1eefu ngh\u1ecb \u0110a khoa Ngh\u1ec7 An &#8211; Giai \u0111o\u1ea1n 2 \u00e1p d\u1ee5ng ch\u00ednh s\u00e1ch thanh to\u00e1n c\u00f4ng khai v\u00e0 minh b\u1ea1ch, cam k\u1ebft \u0111\u1ea3m b\u1ea3o quy\u1ec1n l\u1ee3i v\u00e0 s\u1ef1 h\u00e0i l\u00f2ng c\u1ee7a qu\u00fd kh\u00e1ch.<\/p>\n<ul>\n<li>Qu\u00fd kh\u00e1ch vui l\u00f2ng thanh to\u00e1n chi ph\u00ed t\u1ea1i qu\u1ea7y thu ng\u00e2n tr\u01b0\u1edbc khi s\u1eed d\u1ee5ng c\u00e1c d\u1ecbch v\u1ee5.<\/li>\n<li>\u0110\u1ed1i v\u1edbi tr\u01b0\u1eddng h\u1ee3p ph\u1eabu thu\u1eadt, nh\u1eadp vi\u1ec7n \u0111i\u1ec1u tr\u1ecb n\u1ed9i tr\u00fa, qu\u00fd kh\u00e1ch s\u1ebd \u0111\u01b0\u1ee3c x\u00e1c minh chi ph\u00ed \u01b0\u1edbc t\u00ednh, n\u1ed9p ph\u00ed t\u1ea1m \u1ee9ng v\u00e0 \u0111\u01b0\u1ee3c nh\u00e2n vi\u00ean y t\u1ebf h\u1ed7 tr\u1ee3 c\u00e1c th\u1ee7 t\u1ee5c c\u1ea7n thi\u1ebft.<\/li>\n<li>Chi ph\u00ed t\u1ea1m \u1ee9ng \u0111\u01b0\u1ee3c \u01b0\u1edbc t\u00ednh d\u1ef1a tr\u00ean ch\u1ec9 \u0111\u1ecbnh \u0111i\u1ec1u tr\u1ecb v\u00e0 chi ph\u00ed ph\u00f2ng l\u01b0u vi\u1ec7n. Trong qu\u00e1 tr\u00ecnh l\u01b0u vi\u1ec7n, n\u1ebfu chi ph\u00ed \u0111i\u1ec1u tr\u1ecb v\u01b0\u1ee3t qu\u00e1 ph\u00ed t\u1ea1m \u1ee9ng, b\u1ec7nh vi\u1ec7n c\u00f3 th\u1ec3 y\u00eau c\u1ea7u kh\u00e1ch h\u00e0ng \u0111\u00f3ng th\u00eam ph\u00ed t\u1ea1m \u1ee9ng n\u1ebfu c\u1ea7n thi\u1ebft. Ng\u01b0\u1ee3c l\u1ea1i, n\u1ebfu chi ph\u00ed \u0111i\u1ec1u tr\u1ecb \u00edt h\u01a1n s\u1ed1 t\u1ea1m \u1ee9ng \u0111\u00e3 \u0111\u00f3ng, b\u1ec7nh vi\u1ec7n s\u1ebd ho\u00e0n tr\u1ea3 l\u1ea1i s\u1ed1 ti\u1ec1n ch\u00eanh l\u1ec7ch cho kh\u00e1ch h\u00e0ng khi l\u00e0m th\u1ee7 t\u1ee5c xu\u1ea5t vi\u1ec7n.<\/li>\n<li>Thanh to\u00e1n th\u1ebb b\u1ea3o hi\u1ec3m y t\u1ebf \u0111\u01b0\u1ee3c th\u1ef1c hi\u1ec7n theo \u0111\u00fang Quy \u0111\u1ecbnh c\u1ee7a Nh\u00e0 n\u01b0\u1edbc; \u0111\u1ea3m b\u1ea3o quy tr\u00ecnh nhanh g\u1ecdn v\u1edbi s\u1ef1 h\u1ed7 tr\u1ee3 t\u1eadn t\u00ecnh t\u1eeb nh\u00e2n vi\u00ean b\u1ec7nh vi\u1ec7n.<\/li>\n<li>B\u1ec7nh vi\u1ec7n ch\u1ea5p nh\u1eadn \u0111a d\u1ea1ng h\u00ecnh th\u1ee9c thanh to\u00e1n: ti\u1ec1n m\u1eb7t, th\u1ebb ng\u00e2n h\u00e0ng (ATM, Visa, Mastercard), chuy\u1ec3n kho\u1ea3n v\u00e0 c\u00e1c v\u00ed \u0111i\u1ec7n t\u1eed ph\u1ed5 bi\u1ebfn (VnPay, MoMo,&#8230;)<\/li>\n<\/ul>\n<p>M\u1ecdi th\u1eafc m\u1eafc v\u1ec1 ch\u00ednh s\u00e1ch thanh to\u00e1n, qu\u00fd kh\u00e1ch vui l\u00f2ng li\u00ean h\u1ec7 tr\u1ef1c ti\u1ebfp qu\u1ea7y Thu ng\u00e2n, b\u1ed9 ph\u1eadn Ch\u0103m s\u00f3c kh\u00e1ch h\u00e0ng ho\u1eb7c g\u1ecdi v\u1ec1 hotline <strong>0238.397.6666<\/strong> \u0111\u1ec3 \u0111\u01b0\u1ee3c h\u1ed7 tr\u1ee3 nhanh nh\u1ea5t.<\/p>","protected":false},"excerpt":{"rendered":"<p>B\u1ec7nh vi\u1ec7n H\u1eefu ngh\u1ecb \u0110a khoa Ngh\u1ec7 An &#8211; Giai \u0111o\u1ea1n 2 \u00e1p d\u1ee5ng ch\u00ednh s\u00e1ch thanh to\u00e1n c\u00f4ng khai v\u00e0 minh b\u1ea1ch, cam k\u1ebft \u0111\u1ea3m b\u1ea3o quy\u1ec1n l\u1ee3i v\u00e0 s\u1ef1 h\u00e0i l\u00f2ng c\u1ee7a qu\u00fd kh\u00e1ch. Qu\u00fd kh\u00e1ch vui l\u00f2ng thanh to\u00e1n chi ph\u00ed t\u1ea1i qu\u1ea7y thu ng\u00e2n tr\u01b0\u1edbc khi s\u1eed d\u1ee5ng c\u00e1c d\u1ecbch v\u1ee5. [&hellip;]<\/p>\n","protected":false},"author":3,"featured_media":0,"parent":0,"menu_order":0,"comment_status":"closed","ping_status":"closed","template":"","meta":{"_acf_changed":false,"footnotes":""},"class_list":["post-1114","page","type-page","status-publish","hentry"],"acf":[],"yoast_head":"<!-- This site is optimized with the Yoast SEO Premium plugin v24.5 (Yoast SEO v27.3) - https:\/\/yoast.com\/product\/yoast-seo-premium-wordpress\/ -->\n<title>Ch\u00ednh s\u00e1ch thanh to\u00e1n - B\u1ec6NH VI\u1ec6N H\u1eeeU NGH\u1eca \u0110A KHOA NGH\u1ec6 AN - GIAI \u0110O\u1ea0N 2<\/title>\n<meta name=\"robots\" content=\"index, follow, max-snippet:-1, max-image-preview:large, max-video-preview:-1\" \/>\n<link rel=\"canonical\" href=\"http:\/\/ngheanhospital.vn\/en\/chinh-sach-thanh-toan\/\" \/>\n<meta property=\"og:locale\" content=\"en_US\" \/>\n<meta property=\"og:type\" content=\"article\" \/>\n<meta property=\"og:title\" content=\"Ch\u00ednh s\u00e1ch thanh to\u00e1n\" \/>\n<meta property=\"og:description\" content=\"B\u1ec7nh vi\u1ec7n H\u1eefu ngh\u1ecb \u0110a khoa Ngh\u1ec7 An &#8211; Giai \u0111o\u1ea1n 2 \u00e1p d\u1ee5ng ch\u00ednh s\u00e1ch thanh to\u00e1n c\u00f4ng khai v\u00e0 minh b\u1ea1ch, cam k\u1ebft \u0111\u1ea3m b\u1ea3o quy\u1ec1n l\u1ee3i v\u00e0 s\u1ef1 h\u00e0i l\u00f2ng c\u1ee7a qu\u00fd kh\u00e1ch. Qu\u00fd kh\u00e1ch vui l\u00f2ng thanh to\u00e1n chi ph\u00ed t\u1ea1i qu\u1ea7y thu ng\u00e2n tr\u01b0\u1edbc khi s\u1eed d\u1ee5ng c\u00e1c d\u1ecbch v\u1ee5. [&hellip;]\" \/>\n<meta property=\"og:url\" content=\"http:\/\/ngheanhospital.vn\/en\/chinh-sach-thanh-toan\/\" \/>\n<meta property=\"og:site_name\" content=\"B\u1ec6NH VI\u1ec6N H\u1eeeU NGH\u1eca \u0110A KHOA NGH\u1ec6 AN - GIAI \u0110O\u1ea0N 2\" \/>\n<meta property=\"article:publisher\" content=\"https:\/\/www.facebook.com\/ngheanhospital\" \/>\n<meta property=\"article:modified_time\" content=\"2025-05-19T08:18:14+00:00\" \/>\n<meta property=\"og:image\" content=\"https:\/\/ngheanhospital.com\/wp-content\/uploads\/2025\/03\/COVER-01-01-e1720950971581.png\" \/>\n\t<meta property=\"og:image:width\" content=\"1920\" \/>\n\t<meta property=\"og:image:height\" content=\"731\" \/>\n\t<meta property=\"og:image:type\" content=\"image\/png\" \/>\n<meta name=\"twitter:card\" content=\"summary_large_image\" \/>\n<meta name=\"twitter:label1\" content=\"Est. reading time\" \/>\n\t<meta name=\"twitter:data1\" content=\"2 minutes\" \/>\n<script type=\"application\/ld+json\" class=\"yoast-schema-graph\">{\"@context\":\"https:\\\/\\\/schema.org\",\"@graph\":[{\"@type\":\"WebPage\",\"@id\":\"http:\\\/\\\/ngheanhospital.vn\\\/en\\\/chinh-sach-thanh-toan\\\/\",\"url\":\"http:\\\/\\\/ngheanhospital.vn\\\/en\\\/chinh-sach-thanh-toan\\\/\",\"name\":\"Ch\u00ednh s\u00e1ch thanh to\u00e1n - B\u1ec6NH VI\u1ec6N H\u1eeeU NGH\u1eca \u0110A KHOA NGH\u1ec6 AN - GIAI \u0110O\u1ea0N 2\",\"isPartOf\":{\"@id\":\"https:\\\/\\\/ngheanhospital.com\\\/vi\\\/#website\"},\"datePublished\":\"2025-05-15T06:15:28+00:00\",\"dateModified\":\"2025-05-19T08:18:14+00:00\",\"breadcrumb\":{\"@id\":\"http:\\\/\\\/ngheanhospital.vn\\\/en\\\/chinh-sach-thanh-toan\\\/#breadcrumb\"},\"inLanguage\":\"en-US\",\"potentialAction\":[{\"@type\":\"ReadAction\",\"target\":[\"http:\\\/\\\/ngheanhospital.vn\\\/en\\\/chinh-sach-thanh-toan\\\/\"]}]},{\"@type\":\"BreadcrumbList\",\"@id\":\"http:\\\/\\\/ngheanhospital.vn\\\/en\\\/chinh-sach-thanh-toan\\\/#breadcrumb\",\"itemListElement\":[{\"@type\":\"ListItem\",\"position\":1,\"name\":\"Home\",\"item\":\"https:\\\/\\\/ngheanhospital.com\\\/vi\\\/\"},{\"@type\":\"ListItem\",\"position\":2,\"name\":\"Ch\u00ednh s\u00e1ch thanh to\u00e1n\"}]},{\"@type\":\"WebSite\",\"@id\":\"https:\\\/\\\/ngheanhospital.com\\\/vi\\\/#website\",\"url\":\"https:\\\/\\\/ngheanhospital.com\\\/vi\\\/\",\"name\":\"B\u1ec7nh vi\u1ec7n H\u1eefu ngh\u1ecb \u0110a khoa Ngh\u1ec7 An Giai \u0110o\u1ea1n 2\",\"description\":\"Ph\u1ee5c v\u1ee5 t\u1eadn t\u00e2m - N\u00e2ng t\u1ea7m y \u0111\u1ee9c\",\"publisher\":{\"@id\":\"https:\\\/\\\/ngheanhospital.com\\\/vi\\\/#organization\"},\"alternateName\":\"B\u1ec7nh vi\u1ec7n \u0110a khoa t\u1ec9nh Ngh\u1ec7 An, B\u1ec7nh vi\u1ec7n HN\u0110KNA, B\u1ec7nh vi\u1ec7n HN\u0110K Ngh\u1ec7 An, B\u1ec7nh vi\u1ec7n Ba Lan m\u1edbi\",\"potentialAction\":[{\"@type\":\"SearchAction\",\"target\":{\"@type\":\"EntryPoint\",\"urlTemplate\":\"https:\\\/\\\/ngheanhospital.com\\\/vi\\\/?s={search_term_string}\"},\"query-input\":{\"@type\":\"PropertyValueSpecification\",\"valueRequired\":true,\"valueName\":\"search_term_string\"}}],\"inLanguage\":\"en-US\"},{\"@type\":\"Organization\",\"@id\":\"https:\\\/\\\/ngheanhospital.com\\\/vi\\\/#organization\",\"name\":\"B\u1ec7nh vi\u1ec7n H\u1eefu ngh\u1ecb \u0110a khoa Ngh\u1ec7 An - Giai \u0111o\u1ea1n 2\",\"alternateName\":\"B\u1ec7nh vi\u1ec7n \u0110a khoa t\u1ec9nh Ngh\u1ec7 An, B\u1ec7nh vi\u1ec7n HN\u0110KNA, B\u1ec7nh vi\u1ec7n HN\u0110K Ngh\u1ec7 An, B\u1ec7nh vi\u1ec7n Ba Lan m\u1edbi\",\"url\":\"https:\\\/\\\/ngheanhospital.com\\\/vi\\\/\",\"logo\":{\"@type\":\"ImageObject\",\"inLanguage\":\"en-US\",\"@id\":\"https:\\\/\\\/ngheanhospital.com\\\/vi\\\/#\\\/schema\\\/logo\\\/image\\\/\",\"url\":\"https:\\\/\\\/ngheanhospital.vn\\\/wp-content\\\/uploads\\\/2024\\\/08\\\/LOGO-NAH.png\",\"contentUrl\":\"https:\\\/\\\/ngheanhospital.vn\\\/wp-content\\\/uploads\\\/2024\\\/08\\\/LOGO-NAH.png\",\"width\":4152,\"height\":1610,\"caption\":\"B\u1ec7nh vi\u1ec7n H\u1eefu ngh\u1ecb \u0110a khoa Ngh\u1ec7 An - Giai \u0111o\u1ea1n 2\"},\"image\":{\"@id\":\"https:\\\/\\\/ngheanhospital.com\\\/vi\\\/#\\\/schema\\\/logo\\\/image\\\/\"},\"sameAs\":[\"https:\\\/\\\/www.facebook.com\\\/ngheanhospital\"],\"description\":\"B\u1ec7nh vi\u1ec7n H\u1eefu ngh\u1ecb \u0110a khoa Ngh\u1ec7 An - Giai \u0111o\u1ea1n 2 N\u0103m 2016, B\u1ec7nh vi\u1ec7n H\u1eefu ngh\u1ecb \u0110a khoa Ngh\u1ec7 An - Giai \u0111o\u1ea1n 2 \u0111\u01b0\u1ee3c \u0111\u01b0\u1ee3c kh\u1edfi c\u00f4ng x\u00e2y d\u1ef1ng, l\u00e0 b\u1ec7nh vi\u1ec7n \u0111\u1ea7u ti\u00ean c\u1ee7a khu v\u1ef1c B\u1eafc Trung B\u1ed9 ho\u1ea1t \u0111\u1ed9ng theo h\u00ecnh th\u1ee9c h\u1ee3p t\u00e1c c\u00f4ng - t\u01b0 v\u1edbi ti\u00eau chu\u1ea9n b\u1ec7nh vi\u1ec7n cao c\u1ea5p. \u0110\u01b0\u1ee3c \u0111\u1ea7u t\u01b0 to\u00e0n di\u1ec7n t\u1eeb h\u1ea1 t\u1ea7ng c\u01a1 s\u1edf v\u1eadt ch\u1ea5t, ch\u1ea5t l\u01b0\u1ee3ng nh\u00e2n s\u1ef1 cho t\u1edbi thi\u1ebft b\u1ecb hi\u1ec7n \u0111\u1ea1i, d\u1eabn \u0111\u1ea7u c\u00f4ng ngh\u1ec7 y khoa, B\u1ec7nh vi\u1ec7n H\u1eefu ngh\u1ecb \u0110a khoa Ngh\u1ec7 An - Giai \u0111o\u1ea1n 2 h\u1ee9a h\u1eb9n s\u1ebd l\u00e0 \u0111\u1ecba ch\u1ec9 kh\u00e1m ch\u1eefa b\u1ec7nh v\u00e0 ch\u0103m s\u00f3c s\u1ee9c kh\u1ecfe \u0111\u01b0\u1ee3c nhi\u1ec1u kh\u00e1ch h\u00e0ng tin t\u01b0\u1edfng l\u1ef1a ch\u1ecdn v\u1edbi nh\u1eefng \u01b0u \u0111i\u1ec3m n\u1ed5i b\u1eadt: star-icon Quy m\u00f4 600 gi\u01b0\u1eddng n\u1ed9i tr\u00fa v\u1edbi g\u1ea7n 20 chuy\u00ean khoa l\u00e2m s\u00e0ng & c\u1eadn l\u00e2m s\u00e0ng star-icon \u0110\u1ed9i ng\u0169 h\u01a1n 300 y b\u00e1c s\u0129 gi\u00e0u kinh nghi\u1ec7m, t\u1eadn t\u00e2m, nhi\u1ec7t huy\u1ebft star-icon H\u1ec7 th\u1ed1ng trang thi\u1ebft b\u1ecb hi\u1ec7n \u0111\u1ea1i, d\u1eabn \u0111\u1ea7u ti\u1ebfn b\u1ed9 c\u1ee7a y h\u1ecdc star-icon D\u1ecbch v\u1ee5 ch\u0103m s\u00f3c s\u1ee9c kh\u1ecfe to\u00e0n di\u1ec7n chu\u1ea9n qu\u1ed1c t\u1ebf\",\"email\":\"info@ngheanhospital.com\",\"telephone\":\"0238 397 6666\",\"legalName\":\"B\u1ec7nh vi\u1ec7n H\u1eefu ngh\u1ecb \u0110a khoa Ngh\u1ec7 An - Giai \u0111o\u1ea1n 2\",\"foundingDate\":\"2025-01-24\",\"numberOfEmployees\":{\"@type\":\"QuantitativeValue\",\"minValue\":\"201\",\"maxValue\":\"500\"}}]}<\/script>\n<!-- \/ Yoast SEO Premium plugin. -->","yoast_head_json":{"title":"Ch\u00ednh s\u00e1ch thanh to\u00e1n - B\u1ec6NH VI\u1ec6N H\u1eeeU NGH\u1eca \u0110A KHOA NGH\u1ec6 AN - GIAI \u0110O\u1ea0N 2","robots":{"index":"index","follow":"follow","max-snippet":"max-snippet:-1","max-image-preview":"max-image-preview:large","max-video-preview":"max-video-preview:-1"},"canonical":"http:\/\/ngheanhospital.vn\/en\/chinh-sach-thanh-toan\/","og_locale":"en_US","og_type":"article","og_title":"Ch\u00ednh s\u00e1ch thanh to\u00e1n","og_description":"B\u1ec7nh vi\u1ec7n H\u1eefu ngh\u1ecb \u0110a khoa Ngh\u1ec7 An &#8211; Giai \u0111o\u1ea1n 2 \u00e1p d\u1ee5ng ch\u00ednh s\u00e1ch thanh to\u00e1n c\u00f4ng khai v\u00e0 minh b\u1ea1ch, cam k\u1ebft \u0111\u1ea3m b\u1ea3o quy\u1ec1n l\u1ee3i v\u00e0 s\u1ef1 h\u00e0i l\u00f2ng c\u1ee7a qu\u00fd kh\u00e1ch. Qu\u00fd kh\u00e1ch vui l\u00f2ng thanh to\u00e1n chi ph\u00ed t\u1ea1i qu\u1ea7y thu ng\u00e2n tr\u01b0\u1edbc khi s\u1eed d\u1ee5ng c\u00e1c d\u1ecbch v\u1ee5. [&hellip;]","og_url":"http:\/\/ngheanhospital.vn\/en\/chinh-sach-thanh-toan\/","og_site_name":"B\u1ec6NH VI\u1ec6N H\u1eeeU NGH\u1eca \u0110A KHOA NGH\u1ec6 AN - GIAI \u0110O\u1ea0N 2","article_publisher":"https:\/\/www.facebook.com\/ngheanhospital","article_modified_time":"2025-05-19T08:18:14+00:00","og_image":[{"width":1920,"height":731,"url":"https:\/\/ngheanhospital.com\/wp-content\/uploads\/2025\/03\/COVER-01-01-e1720950971581.png","type":"image\/png"}],"twitter_card":"summary_large_image","twitter_misc":{"Est. reading time":"2 minutes"},"schema":{"@context":"https:\/\/schema.org","@graph":[{"@type":"WebPage","@id":"http:\/\/ngheanhospital.vn\/en\/chinh-sach-thanh-toan\/","url":"http:\/\/ngheanhospital.vn\/en\/chinh-sach-thanh-toan\/","name":"Ch\u00ednh s\u00e1ch thanh to\u00e1n - B\u1ec6NH VI\u1ec6N H\u1eeeU NGH\u1eca \u0110A KHOA NGH\u1ec6 AN - GIAI \u0110O\u1ea0N 2","isPartOf":{"@id":"https:\/\/ngheanhospital.com\/vi\/#website"},"datePublished":"2025-05-15T06:15:28+00:00","dateModified":"2025-05-19T08:18:14+00:00","breadcrumb":{"@id":"http:\/\/ngheanhospital.vn\/en\/chinh-sach-thanh-toan\/#breadcrumb"},"inLanguage":"en-US","potentialAction":[{"@type":"ReadAction","target":["http:\/\/ngheanhospital.vn\/en\/chinh-sach-thanh-toan\/"]}]},{"@type":"BreadcrumbList","@id":"http:\/\/ngheanhospital.vn\/en\/chinh-sach-thanh-toan\/#breadcrumb","itemListElement":[{"@type":"ListItem","position":1,"name":"Home","item":"https:\/\/ngheanhospital.com\/vi\/"},{"@type":"ListItem","position":2,"name":"Ch\u00ednh s\u00e1ch thanh to\u00e1n"}]},{"@type":"WebSite","@id":"https:\/\/ngheanhospital.com\/vi\/#website","url":"https:\/\/ngheanhospital.com\/vi\/","name":"B\u1ec7nh vi\u1ec7n H\u1eefu ngh\u1ecb \u0110a khoa Ngh\u1ec7 An Giai \u0110o\u1ea1n 2","description":"Ph\u1ee5c v\u1ee5 t\u1eadn t\u00e2m - N\u00e2ng t\u1ea7m y \u0111\u1ee9c","publisher":{"@id":"https:\/\/ngheanhospital.com\/vi\/#organization"},"alternateName":"B\u1ec7nh vi\u1ec7n \u0110a khoa t\u1ec9nh Ngh\u1ec7 An, B\u1ec7nh vi\u1ec7n HN\u0110KNA, B\u1ec7nh vi\u1ec7n HN\u0110K Ngh\u1ec7 An, B\u1ec7nh vi\u1ec7n Ba Lan m\u1edbi","potentialAction":[{"@type":"SearchAction","target":{"@type":"EntryPoint","urlTemplate":"https:\/\/ngheanhospital.com\/vi\/?s={search_term_string}"},"query-input":{"@type":"PropertyValueSpecification","valueRequired":true,"valueName":"search_term_string"}}],"inLanguage":"en-US"},{"@type":"Organization","@id":"https:\/\/ngheanhospital.com\/vi\/#organization","name":"B\u1ec7nh vi\u1ec7n H\u1eefu ngh\u1ecb \u0110a khoa Ngh\u1ec7 An - Giai \u0111o\u1ea1n 2","alternateName":"B\u1ec7nh vi\u1ec7n \u0110a khoa t\u1ec9nh Ngh\u1ec7 An, B\u1ec7nh vi\u1ec7n HN\u0110KNA, B\u1ec7nh vi\u1ec7n HN\u0110K Ngh\u1ec7 An, B\u1ec7nh vi\u1ec7n Ba Lan m\u1edbi","url":"https:\/\/ngheanhospital.com\/vi\/","logo":{"@type":"ImageObject","inLanguage":"en-US","@id":"https:\/\/ngheanhospital.com\/vi\/#\/schema\/logo\/image\/","url":"https:\/\/ngheanhospital.vn\/wp-content\/uploads\/2024\/08\/LOGO-NAH.png","contentUrl":"https:\/\/ngheanhospital.vn\/wp-content\/uploads\/2024\/08\/LOGO-NAH.png","width":4152,"height":1610,"caption":"B\u1ec7nh vi\u1ec7n H\u1eefu ngh\u1ecb \u0110a khoa Ngh\u1ec7 An - Giai \u0111o\u1ea1n 2"},"image":{"@id":"https:\/\/ngheanhospital.com\/vi\/#\/schema\/logo\/image\/"},"sameAs":["https:\/\/www.facebook.com\/ngheanhospital"],"description":"B\u1ec7nh vi\u1ec7n H\u1eefu ngh\u1ecb \u0110a khoa Ngh\u1ec7 An - Giai \u0111o\u1ea1n 2 N\u0103m 2016, B\u1ec7nh vi\u1ec7n H\u1eefu ngh\u1ecb \u0110a khoa Ngh\u1ec7 An - Giai \u0111o\u1ea1n 2 \u0111\u01b0\u1ee3c \u0111\u01b0\u1ee3c kh\u1edfi c\u00f4ng x\u00e2y d\u1ef1ng, l\u00e0 b\u1ec7nh vi\u1ec7n \u0111\u1ea7u ti\u00ean c\u1ee7a khu v\u1ef1c B\u1eafc Trung B\u1ed9 ho\u1ea1t \u0111\u1ed9ng theo h\u00ecnh th\u1ee9c h\u1ee3p t\u00e1c c\u00f4ng - t\u01b0 v\u1edbi ti\u00eau chu\u1ea9n b\u1ec7nh vi\u1ec7n cao c\u1ea5p. \u0110\u01b0\u1ee3c \u0111\u1ea7u t\u01b0 to\u00e0n di\u1ec7n t\u1eeb h\u1ea1 t\u1ea7ng c\u01a1 s\u1edf v\u1eadt ch\u1ea5t, ch\u1ea5t l\u01b0\u1ee3ng nh\u00e2n s\u1ef1 cho t\u1edbi thi\u1ebft b\u1ecb hi\u1ec7n \u0111\u1ea1i, d\u1eabn \u0111\u1ea7u c\u00f4ng ngh\u1ec7 y khoa, B\u1ec7nh vi\u1ec7n H\u1eefu ngh\u1ecb \u0110a khoa Ngh\u1ec7 An - Giai \u0111o\u1ea1n 2 h\u1ee9a h\u1eb9n s\u1ebd l\u00e0 \u0111\u1ecba ch\u1ec9 kh\u00e1m ch\u1eefa b\u1ec7nh v\u00e0 ch\u0103m s\u00f3c s\u1ee9c kh\u1ecfe \u0111\u01b0\u1ee3c nhi\u1ec1u kh\u00e1ch h\u00e0ng tin t\u01b0\u1edfng l\u1ef1a ch\u1ecdn v\u1edbi nh\u1eefng \u01b0u \u0111i\u1ec3m n\u1ed5i b\u1eadt: star-icon Quy m\u00f4 600 gi\u01b0\u1eddng n\u1ed9i tr\u00fa v\u1edbi g\u1ea7n 20 chuy\u00ean khoa l\u00e2m s\u00e0ng & c\u1eadn l\u00e2m s\u00e0ng star-icon \u0110\u1ed9i ng\u0169 h\u01a1n 300 y b\u00e1c s\u0129 gi\u00e0u kinh nghi\u1ec7m, t\u1eadn t\u00e2m, nhi\u1ec7t huy\u1ebft star-icon H\u1ec7 th\u1ed1ng trang thi\u1ebft b\u1ecb hi\u1ec7n \u0111\u1ea1i, d\u1eabn \u0111\u1ea7u ti\u1ebfn b\u1ed9 c\u1ee7a y h\u1ecdc star-icon D\u1ecbch v\u1ee5 ch\u0103m s\u00f3c s\u1ee9c kh\u1ecfe to\u00e0n di\u1ec7n chu\u1ea9n qu\u1ed1c t\u1ebf","email":"info@ngheanhospital.com","telephone":"0238 397 6666","legalName":"B\u1ec7nh vi\u1ec7n H\u1eefu ngh\u1ecb \u0110a khoa Ngh\u1ec7 An - Giai \u0111o\u1ea1n 2","foundingDate":"2025-01-24","numberOfEmployees":{"@type":"QuantitativeValue","minValue":"201","maxValue":"500"}}]}},"_links":{"self":[{"href":"https:\/\/ngheanhospital.com\/en\/wp-json\/wp\/v2\/pages\/1114","targetHints":{"allow":["GET"]}}],"collection":[{"href":"https:\/\/ngheanhospital.com\/en\/wp-json\/wp\/v2\/pages"}],"about":[{"href":"https:\/\/ngheanhospital.com\/en\/wp-json\/wp\/v2\/types\/page"}],"author":[{"embeddable":true,"href":"https:\/\/ngheanhospital.com\/en\/wp-json\/wp\/v2\/users\/3"}],"replies":[{"embeddable":true,"href":"https:\/\/ngheanhospital.com\/en\/wp-json\/wp\/v2\/comments?post=1114"}],"version-history":[{"count":3,"href":"https:\/\/ngheanhospital.com\/en\/wp-json\/wp\/v2\/pages\/1114\/revisions"}],"predecessor-version":[{"id":1166,"href":"https:\/\/ngheanhospital.com\/en\/wp-json\/wp\/v2\/pages\/1114\/revisions\/1166"}],"wp:attachment":[{"href":"https:\/\/ngheanhospital.com\/en\/wp-json\/wp\/v2\/media?parent=1114"}],"curies":[{"name":"wp","href":"https:\/\/api.w.org\/{rel}","templated":true}]}}