{"id":1108,"date":"2025-05-15T13:14:20","date_gmt":"2025-05-15T06:14:20","guid":{"rendered":"https:\/\/www.ngheanhospital.vn\/?page_id=1108"},"modified":"2025-05-21T14:24:15","modified_gmt":"2025-05-21T07:24:15","slug":"nhap-vien-va-dieu-tri","status":"publish","type":"page","link":"https:\/\/ngheanhospital.com\/en\/nhap-vien-va-dieu-tri\/","title":{"rendered":"H\u01b0\u1edbng d\u1eabn nh\u1eadp vi\u1ec7n v\u00e0 \u0111i\u1ec1u tr\u1ecb"},"content":{"rendered":"<p><strong>Nh\u1eb1m n\u00e2ng cao ch\u1ea5t l\u01b0\u1ee3ng ph\u1ee5c v\u1ee5 v\u00e0 t\u1ea1o \u0111i\u1ec1u ki\u1ec7n thu\u1eadn l\u1ee3i cho ng\u01b0\u1eddi b\u1ec7nh, b\u1ec7nh vi\u1ec7n HN\u0110K Ngh\u1ec7 An &#8211; G\u01102 xin h\u01b0\u1edbng d\u1eabn quy tr\u00ecnh nh\u1eadp vi\u1ec7n v\u00e0 \u0111i\u1ec1u tr\u1ecb nh\u01b0 sau:<\/strong><\/p>\n<p><img fetchpriority=\"high\" decoding=\"async\" class=\"aligncenter size-full wp-image-1179\" src=\"https:\/\/ngheanhospital.vn\/wp-content\/uploads\/2025\/05\/Dang-ky-kham-va-nhap-vien-scaled.png\" alt=\"\" width=\"2560\" height=\"1110\" srcset=\"https:\/\/ngheanhospital.com\/wp-content\/uploads\/2025\/05\/Dang-ky-kham-va-nhap-vien-scaled.png 2560w, https:\/\/ngheanhospital.com\/wp-content\/uploads\/2025\/05\/Dang-ky-kham-va-nhap-vien-300x130.png 300w, https:\/\/ngheanhospital.com\/wp-content\/uploads\/2025\/05\/Dang-ky-kham-va-nhap-vien-1024x444.png 1024w, https:\/\/ngheanhospital.com\/wp-content\/uploads\/2025\/05\/Dang-ky-kham-va-nhap-vien-768x333.png 768w, https:\/\/ngheanhospital.com\/wp-content\/uploads\/2025\/05\/Dang-ky-kham-va-nhap-vien-1536x666.png 1536w, https:\/\/ngheanhospital.com\/wp-content\/uploads\/2025\/05\/Dang-ky-kham-va-nhap-vien-2048x888.png 2048w, https:\/\/ngheanhospital.com\/wp-content\/uploads\/2025\/05\/Dang-ky-kham-va-nhap-vien-18x8.png 18w\" sizes=\"(max-width: 2560px) 100vw, 2560px\" \/><\/p>\n<h3><span style=\"color: #800080;\"><strong>1. \u0110\u0103ng k\u00fd kh\u00e1m b\u1ec7nh<\/strong><\/span><\/h3>\n<ul>\n<li>Ng\u01b0\u1eddi b\u1ec7nh \u0111\u1ebfn Qu\u1ea7y ti\u1ebfp \u0111\u00f3n \u0111\u1ec3 l\u1ea5y s\u1ed1 th\u1ee9 t\u1ef1.<\/li>\n<li>Xu\u1ea5t tr\u00ecnh gi\u1ea5y t\u1edd t\u00f9y th\u00e2n v\u00e0 \u0111\u0103ng k\u00fd kh\u00e1m b\u1ec7nh t\u1ea1i b\u1ed9 ph\u1eadn M\u1ed9t c\u1eeda theo s\u1ed1 th\u1ee9 t\u1ef1.<\/li>\n<li>Nh\u00e2n vi\u00ean CSKH h\u01b0\u1edbng d\u1eabn ng\u01b0\u1eddi b\u1ec7nh \u0111\u1ebfn ph\u00f2ng kh\u00e1m chuy\u00ean khoa ph\u00f9 h\u1ee3p.<\/li>\n<\/ul>\n<h3><span style=\"color: #800080;\"><strong>2. L\u00e0m th\u1ee7 t\u1ee5c nh\u1eadp vi\u1ec7n<\/strong><\/span><\/h3>\n<ul>\n<li>Sau khi \u0111\u01b0\u1ee3c b\u00e1c s\u0129 ch\u1ec9 \u0111\u1ecbnh nh\u1eadp vi\u1ec7n, ng\u01b0\u1eddi b\u1ec7nh c\u1ea7n chu\u1ea9n b\u1ecb th\u1ebb BHYT c\u00f2n hi\u1ec7u l\u1ef1c v\u00e0 c\u00e1c gi\u1ea5y t\u1edd t\u00f9y th\u00e2n<\/li>\n<li>Ng\u01b0\u1eddi b\u1ec7nh (ho\u1eb7c ng\u01b0\u1eddi th\u00e2n) \u0111\u00f3ng t\u1ea1m \u1ee9ng v\u00e0o vi\u1ec7n t\u1ea1i Qu\u1ea7y thu ng\u00e2n.<\/li>\n<li>Nh\u00e2n vi\u00ean ti\u1ebfp nh\u1eadn s\u1ebd h\u01b0\u1edbng d\u1eabn ng\u01b0\u1eddi b\u1ec7nh di chuy\u1ec3n l\u00ean khoa v\u00e0 b\u1ed1 tr\u00ed gi\u01b0\u1eddng b\u1ec7nh<\/li>\n<\/ul>\n<h3><span style=\"color: #800080;\"><strong>3. Trong qu\u00e1 tr\u00ecnh \u0111i\u1ec1u tr\u1ecb t\u1ea1i b\u1ec7nh vi\u1ec7n<\/strong><\/span><\/h3>\n<ul>\n<li>Ng\u01b0\u1eddi b\u1ec7nh v\u00e0 ng\u01b0\u1eddi th\u00e2n tu\u00e2n th\u1ee7 n\u1ed9i quy b\u1ec7nh vi\u1ec7n, quy \u0111\u1ecbnh th\u0103m nom.<\/li>\n<li>Ng\u01b0\u1eddi b\u1ec7nh th\u1ef1c hi\u1ec7n \u0111\u00fang h\u01b0\u1edbng d\u1eabn c\u1ee7a nh\u00e2n vi\u00ean y t\u1ebf<\/li>\n<li>Trong qu\u00e1 tr\u00ecnh \u0111i\u1ec1u tr\u1ecb, n\u1ebfu ng\u01b0\u1eddi b\u1ec7nh (ho\u1eb7c ng\u01b0\u1eddi th\u00e2n) c\u00f3 th\u1eafc m\u1eafc v\u1ec1 ch\u1ec9 \u0111\u1ecbnh \u0111i\u1ec1u tr\u1ecb, thu\u1ed1c,&#8230;ho\u1eb7c c\u00e1c d\u1ecbch v\u1ee5 h\u1ed7 tr\u1ee3 \u0111\u1ec1u c\u00f3 th\u1ec3 li\u00ean h\u1ec7 tr\u1ef1c ti\u1ebfp 24\/24 v\u1edbi \u0111i\u1ec1u d\u01b0\u1ee1ng t\u1ea1i khoa.<\/li>\n<\/ul>","protected":false},"excerpt":{"rendered":"<p>Nh\u1eb1m n\u00e2ng cao ch\u1ea5t l\u01b0\u1ee3ng ph\u1ee5c v\u1ee5 v\u00e0 t\u1ea1o \u0111i\u1ec1u ki\u1ec7n thu\u1eadn l\u1ee3i cho ng\u01b0\u1eddi b\u1ec7nh, b\u1ec7nh vi\u1ec7n HN\u0110K Ngh\u1ec7 An &#8211; G\u01102 xin h\u01b0\u1edbng d\u1eabn quy tr\u00ecnh nh\u1eadp vi\u1ec7n v\u00e0 \u0111i\u1ec1u tr\u1ecb nh\u01b0 sau: 1. \u0110\u0103ng k\u00fd kh\u00e1m b\u1ec7nh Ng\u01b0\u1eddi b\u1ec7nh \u0111\u1ebfn Qu\u1ea7y ti\u1ebfp \u0111\u00f3n \u0111\u1ec3 l\u1ea5y s\u1ed1 th\u1ee9 t\u1ef1. Xu\u1ea5t tr\u00ecnh gi\u1ea5y t\u1edd [&hellip;]<\/p>\n","protected":false},"author":3,"featured_media":1179,"parent":0,"menu_order":0,"comment_status":"closed","ping_status":"closed","template":"","meta":{"_acf_changed":false,"footnotes":""},"class_list":["post-1108","page","type-page","status-publish","has-post-thumbnail","hentry"],"acf":[],"yoast_head":"<!-- This site is optimized with the Yoast SEO Premium plugin v24.5 (Yoast SEO v27.3) - https:\/\/yoast.com\/product\/yoast-seo-premium-wordpress\/ -->\n<title>H\u01b0\u1edbng d\u1eabn nh\u1eadp vi\u1ec7n v\u00e0 \u0111i\u1ec1u tr\u1ecb - B\u1ec6NH VI\u1ec6N H\u1eeeU NGH\u1eca \u0110A KHOA NGH\u1ec6 AN - GIAI \u0110O\u1ea0N 2<\/title>\n<meta name=\"robots\" content=\"index, follow, max-snippet:-1, max-image-preview:large, max-video-preview:-1\" \/>\n<link rel=\"canonical\" href=\"https:\/\/www.ngheanhospital.com\/vi\/nhap-vien-va-dieu-tri\/\" \/>\n<meta property=\"og:locale\" content=\"en_US\" \/>\n<meta property=\"og:type\" content=\"article\" \/>\n<meta property=\"og:title\" content=\"H\u01b0\u1edbng d\u1eabn nh\u1eadp vi\u1ec7n v\u00e0 \u0111i\u1ec1u tr\u1ecb\" \/>\n<meta property=\"og:description\" content=\"Nh\u1eb1m n\u00e2ng cao ch\u1ea5t l\u01b0\u1ee3ng ph\u1ee5c v\u1ee5 v\u00e0 t\u1ea1o \u0111i\u1ec1u ki\u1ec7n thu\u1eadn l\u1ee3i cho ng\u01b0\u1eddi b\u1ec7nh, b\u1ec7nh vi\u1ec7n HN\u0110K Ngh\u1ec7 An &#8211; G\u01102 xin h\u01b0\u1edbng d\u1eabn quy tr\u00ecnh nh\u1eadp vi\u1ec7n v\u00e0 \u0111i\u1ec1u tr\u1ecb nh\u01b0 sau: 1. \u0110\u0103ng k\u00fd kh\u00e1m b\u1ec7nh Ng\u01b0\u1eddi b\u1ec7nh \u0111\u1ebfn Qu\u1ea7y ti\u1ebfp \u0111\u00f3n \u0111\u1ec3 l\u1ea5y s\u1ed1 th\u1ee9 t\u1ef1. Xu\u1ea5t tr\u00ecnh gi\u1ea5y t\u1edd [&hellip;]\" \/>\n<meta property=\"og:url\" content=\"https:\/\/www.ngheanhospital.com\/vi\/nhap-vien-va-dieu-tri\/\" \/>\n<meta property=\"og:site_name\" content=\"B\u1ec6NH VI\u1ec6N H\u1eeeU NGH\u1eca \u0110A KHOA NGH\u1ec6 AN - GIAI \u0110O\u1ea0N 2\" \/>\n<meta property=\"article:publisher\" content=\"https:\/\/www.facebook.com\/ngheanhospital\" \/>\n<meta property=\"article:modified_time\" content=\"2025-05-21T07:24:15+00:00\" \/>\n<meta property=\"og:image\" content=\"https:\/\/www.ngheanhospital.com\/wp-content\/uploads\/2025\/05\/Dang-ky-kham-va-nhap-vien-scaled.png\" \/>\n\t<meta property=\"og:image:width\" content=\"2560\" \/>\n\t<meta property=\"og:image:height\" content=\"1110\" \/>\n\t<meta property=\"og:image:type\" content=\"image\/png\" \/>\n<meta name=\"twitter:card\" content=\"summary_large_image\" \/>\n<meta name=\"twitter:label1\" content=\"Est. reading time\" \/>\n\t<meta name=\"twitter:data1\" content=\"2 minutes\" \/>\n<script type=\"application\/ld+json\" class=\"yoast-schema-graph\">{\"@context\":\"https:\\\/\\\/schema.org\",\"@graph\":[{\"@type\":\"WebPage\",\"@id\":\"https:\\\/\\\/www.ngheanhospital.com\\\/vi\\\/nhap-vien-va-dieu-tri\\\/\",\"url\":\"https:\\\/\\\/www.ngheanhospital.com\\\/vi\\\/nhap-vien-va-dieu-tri\\\/\",\"name\":\"H\u01b0\u1edbng d\u1eabn nh\u1eadp vi\u1ec7n v\u00e0 \u0111i\u1ec1u tr\u1ecb - B\u1ec6NH VI\u1ec6N H\u1eeeU NGH\u1eca \u0110A KHOA NGH\u1ec6 AN - GIAI \u0110O\u1ea0N 2\",\"isPartOf\":{\"@id\":\"https:\\\/\\\/ngheanhospital.com\\\/vi\\\/#website\"},\"primaryImageOfPage\":{\"@id\":\"https:\\\/\\\/www.ngheanhospital.com\\\/vi\\\/nhap-vien-va-dieu-tri\\\/#primaryimage\"},\"image\":{\"@id\":\"https:\\\/\\\/www.ngheanhospital.com\\\/vi\\\/nhap-vien-va-dieu-tri\\\/#primaryimage\"},\"thumbnailUrl\":\"https:\\\/\\\/ngheanhospital.com\\\/wp-content\\\/uploads\\\/2025\\\/05\\\/Dang-ky-kham-va-nhap-vien-scaled.png\",\"datePublished\":\"2025-05-15T06:14:20+00:00\",\"dateModified\":\"2025-05-21T07:24:15+00:00\",\"breadcrumb\":{\"@id\":\"https:\\\/\\\/www.ngheanhospital.com\\\/vi\\\/nhap-vien-va-dieu-tri\\\/#breadcrumb\"},\"inLanguage\":\"en-US\",\"potentialAction\":[{\"@type\":\"ReadAction\",\"target\":[\"https:\\\/\\\/www.ngheanhospital.com\\\/vi\\\/nhap-vien-va-dieu-tri\\\/\"]}]},{\"@type\":\"ImageObject\",\"inLanguage\":\"en-US\",\"@id\":\"https:\\\/\\\/www.ngheanhospital.com\\\/vi\\\/nhap-vien-va-dieu-tri\\\/#primaryimage\",\"url\":\"https:\\\/\\\/ngheanhospital.com\\\/wp-content\\\/uploads\\\/2025\\\/05\\\/Dang-ky-kham-va-nhap-vien-scaled.png\",\"contentUrl\":\"https:\\\/\\\/ngheanhospital.com\\\/wp-content\\\/uploads\\\/2025\\\/05\\\/Dang-ky-kham-va-nhap-vien-scaled.png\",\"width\":2560,\"height\":1110},{\"@type\":\"BreadcrumbList\",\"@id\":\"https:\\\/\\\/www.ngheanhospital.com\\\/vi\\\/nhap-vien-va-dieu-tri\\\/#breadcrumb\",\"itemListElement\":[{\"@type\":\"ListItem\",\"position\":1,\"name\":\"Home\",\"item\":\"https:\\\/\\\/ngheanhospital.com\\\/vi\\\/\"},{\"@type\":\"ListItem\",\"position\":2,\"name\":\"H\u01b0\u1edbng d\u1eabn nh\u1eadp vi\u1ec7n v\u00e0 \u0111i\u1ec1u tr\u1ecb\"}]},{\"@type\":\"WebSite\",\"@id\":\"https:\\\/\\\/ngheanhospital.com\\\/vi\\\/#website\",\"url\":\"https:\\\/\\\/ngheanhospital.com\\\/vi\\\/\",\"name\":\"B\u1ec7nh vi\u1ec7n H\u1eefu ngh\u1ecb \u0110a khoa Ngh\u1ec7 An Giai \u0110o\u1ea1n 2\",\"description\":\"Ph\u1ee5c v\u1ee5 t\u1eadn t\u00e2m - N\u00e2ng t\u1ea7m y \u0111\u1ee9c\",\"publisher\":{\"@id\":\"https:\\\/\\\/ngheanhospital.com\\\/vi\\\/#organization\"},\"alternateName\":\"B\u1ec7nh vi\u1ec7n \u0110a khoa t\u1ec9nh Ngh\u1ec7 An, B\u1ec7nh vi\u1ec7n HN\u0110KNA, B\u1ec7nh vi\u1ec7n HN\u0110K Ngh\u1ec7 An, B\u1ec7nh vi\u1ec7n Ba Lan m\u1edbi\",\"potentialAction\":[{\"@type\":\"SearchAction\",\"target\":{\"@type\":\"EntryPoint\",\"urlTemplate\":\"https:\\\/\\\/ngheanhospital.com\\\/vi\\\/?s={search_term_string}\"},\"query-input\":{\"@type\":\"PropertyValueSpecification\",\"valueRequired\":true,\"valueName\":\"search_term_string\"}}],\"inLanguage\":\"en-US\"},{\"@type\":\"Organization\",\"@id\":\"https:\\\/\\\/ngheanhospital.com\\\/vi\\\/#organization\",\"name\":\"B\u1ec7nh vi\u1ec7n H\u1eefu ngh\u1ecb \u0110a khoa Ngh\u1ec7 An - Giai \u0111o\u1ea1n 2\",\"alternateName\":\"B\u1ec7nh vi\u1ec7n \u0110a khoa t\u1ec9nh Ngh\u1ec7 An, B\u1ec7nh vi\u1ec7n HN\u0110KNA, B\u1ec7nh vi\u1ec7n HN\u0110K Ngh\u1ec7 An, B\u1ec7nh vi\u1ec7n Ba Lan m\u1edbi\",\"url\":\"https:\\\/\\\/ngheanhospital.com\\\/vi\\\/\",\"logo\":{\"@type\":\"ImageObject\",\"inLanguage\":\"en-US\",\"@id\":\"https:\\\/\\\/ngheanhospital.com\\\/vi\\\/#\\\/schema\\\/logo\\\/image\\\/\",\"url\":\"https:\\\/\\\/ngheanhospital.vn\\\/wp-content\\\/uploads\\\/2024\\\/08\\\/LOGO-NAH.png\",\"contentUrl\":\"https:\\\/\\\/ngheanhospital.vn\\\/wp-content\\\/uploads\\\/2024\\\/08\\\/LOGO-NAH.png\",\"width\":4152,\"height\":1610,\"caption\":\"B\u1ec7nh vi\u1ec7n H\u1eefu ngh\u1ecb \u0110a khoa Ngh\u1ec7 An - Giai \u0111o\u1ea1n 2\"},\"image\":{\"@id\":\"https:\\\/\\\/ngheanhospital.com\\\/vi\\\/#\\\/schema\\\/logo\\\/image\\\/\"},\"sameAs\":[\"https:\\\/\\\/www.facebook.com\\\/ngheanhospital\"],\"description\":\"B\u1ec7nh vi\u1ec7n H\u1eefu ngh\u1ecb \u0110a khoa Ngh\u1ec7 An - Giai \u0111o\u1ea1n 2 N\u0103m 2016, B\u1ec7nh vi\u1ec7n H\u1eefu ngh\u1ecb \u0110a khoa Ngh\u1ec7 An - Giai \u0111o\u1ea1n 2 \u0111\u01b0\u1ee3c \u0111\u01b0\u1ee3c kh\u1edfi c\u00f4ng x\u00e2y d\u1ef1ng, l\u00e0 b\u1ec7nh vi\u1ec7n \u0111\u1ea7u ti\u00ean c\u1ee7a khu v\u1ef1c B\u1eafc Trung B\u1ed9 ho\u1ea1t \u0111\u1ed9ng theo h\u00ecnh th\u1ee9c h\u1ee3p t\u00e1c c\u00f4ng - t\u01b0 v\u1edbi ti\u00eau chu\u1ea9n b\u1ec7nh vi\u1ec7n cao c\u1ea5p. \u0110\u01b0\u1ee3c \u0111\u1ea7u t\u01b0 to\u00e0n di\u1ec7n t\u1eeb h\u1ea1 t\u1ea7ng c\u01a1 s\u1edf v\u1eadt ch\u1ea5t, ch\u1ea5t l\u01b0\u1ee3ng nh\u00e2n s\u1ef1 cho t\u1edbi thi\u1ebft b\u1ecb hi\u1ec7n \u0111\u1ea1i, d\u1eabn \u0111\u1ea7u c\u00f4ng ngh\u1ec7 y khoa, B\u1ec7nh vi\u1ec7n H\u1eefu ngh\u1ecb \u0110a khoa Ngh\u1ec7 An - Giai \u0111o\u1ea1n 2 h\u1ee9a h\u1eb9n s\u1ebd l\u00e0 \u0111\u1ecba ch\u1ec9 kh\u00e1m ch\u1eefa b\u1ec7nh v\u00e0 ch\u0103m s\u00f3c s\u1ee9c kh\u1ecfe \u0111\u01b0\u1ee3c nhi\u1ec1u kh\u00e1ch h\u00e0ng tin t\u01b0\u1edfng l\u1ef1a ch\u1ecdn v\u1edbi nh\u1eefng \u01b0u \u0111i\u1ec3m n\u1ed5i b\u1eadt: star-icon Quy m\u00f4 600 gi\u01b0\u1eddng n\u1ed9i tr\u00fa v\u1edbi g\u1ea7n 20 chuy\u00ean khoa l\u00e2m s\u00e0ng & c\u1eadn l\u00e2m s\u00e0ng star-icon \u0110\u1ed9i ng\u0169 h\u01a1n 300 y b\u00e1c s\u0129 gi\u00e0u kinh nghi\u1ec7m, t\u1eadn t\u00e2m, nhi\u1ec7t huy\u1ebft star-icon H\u1ec7 th\u1ed1ng trang thi\u1ebft b\u1ecb hi\u1ec7n \u0111\u1ea1i, d\u1eabn \u0111\u1ea7u ti\u1ebfn b\u1ed9 c\u1ee7a y h\u1ecdc star-icon D\u1ecbch v\u1ee5 ch\u0103m s\u00f3c s\u1ee9c kh\u1ecfe to\u00e0n di\u1ec7n chu\u1ea9n qu\u1ed1c t\u1ebf\",\"email\":\"info@ngheanhospital.com\",\"telephone\":\"0238 397 6666\",\"legalName\":\"B\u1ec7nh vi\u1ec7n H\u1eefu ngh\u1ecb \u0110a khoa Ngh\u1ec7 An - Giai \u0111o\u1ea1n 2\",\"foundingDate\":\"2025-01-24\",\"numberOfEmployees\":{\"@type\":\"QuantitativeValue\",\"minValue\":\"201\",\"maxValue\":\"500\"}}]}<\/script>\n<!-- \/ Yoast SEO Premium plugin. -->","yoast_head_json":{"title":"H\u01b0\u1edbng d\u1eabn nh\u1eadp vi\u1ec7n v\u00e0 \u0111i\u1ec1u tr\u1ecb - B\u1ec6NH VI\u1ec6N H\u1eeeU NGH\u1eca \u0110A KHOA NGH\u1ec6 AN - GIAI \u0110O\u1ea0N 2","robots":{"index":"index","follow":"follow","max-snippet":"max-snippet:-1","max-image-preview":"max-image-preview:large","max-video-preview":"max-video-preview:-1"},"canonical":"https:\/\/www.ngheanhospital.com\/vi\/nhap-vien-va-dieu-tri\/","og_locale":"en_US","og_type":"article","og_title":"H\u01b0\u1edbng d\u1eabn nh\u1eadp vi\u1ec7n v\u00e0 \u0111i\u1ec1u tr\u1ecb","og_description":"Nh\u1eb1m n\u00e2ng cao ch\u1ea5t l\u01b0\u1ee3ng ph\u1ee5c v\u1ee5 v\u00e0 t\u1ea1o \u0111i\u1ec1u ki\u1ec7n thu\u1eadn l\u1ee3i cho ng\u01b0\u1eddi b\u1ec7nh, b\u1ec7nh vi\u1ec7n HN\u0110K Ngh\u1ec7 An &#8211; G\u01102 xin h\u01b0\u1edbng d\u1eabn quy tr\u00ecnh nh\u1eadp vi\u1ec7n v\u00e0 \u0111i\u1ec1u tr\u1ecb nh\u01b0 sau: 1. \u0110\u0103ng k\u00fd kh\u00e1m b\u1ec7nh Ng\u01b0\u1eddi b\u1ec7nh \u0111\u1ebfn Qu\u1ea7y ti\u1ebfp \u0111\u00f3n \u0111\u1ec3 l\u1ea5y s\u1ed1 th\u1ee9 t\u1ef1. Xu\u1ea5t tr\u00ecnh gi\u1ea5y t\u1edd [&hellip;]","og_url":"https:\/\/www.ngheanhospital.com\/vi\/nhap-vien-va-dieu-tri\/","og_site_name":"B\u1ec6NH VI\u1ec6N H\u1eeeU NGH\u1eca \u0110A KHOA NGH\u1ec6 AN - GIAI \u0110O\u1ea0N 2","article_publisher":"https:\/\/www.facebook.com\/ngheanhospital","article_modified_time":"2025-05-21T07:24:15+00:00","og_image":[{"width":2560,"height":1110,"url":"https:\/\/www.ngheanhospital.com\/wp-content\/uploads\/2025\/05\/Dang-ky-kham-va-nhap-vien-scaled.png","type":"image\/png"}],"twitter_card":"summary_large_image","twitter_misc":{"Est. reading time":"2 minutes"},"schema":{"@context":"https:\/\/schema.org","@graph":[{"@type":"WebPage","@id":"https:\/\/www.ngheanhospital.com\/vi\/nhap-vien-va-dieu-tri\/","url":"https:\/\/www.ngheanhospital.com\/vi\/nhap-vien-va-dieu-tri\/","name":"H\u01b0\u1edbng d\u1eabn nh\u1eadp vi\u1ec7n v\u00e0 \u0111i\u1ec1u tr\u1ecb - B\u1ec6NH VI\u1ec6N H\u1eeeU NGH\u1eca \u0110A KHOA NGH\u1ec6 AN - GIAI \u0110O\u1ea0N 2","isPartOf":{"@id":"https:\/\/ngheanhospital.com\/vi\/#website"},"primaryImageOfPage":{"@id":"https:\/\/www.ngheanhospital.com\/vi\/nhap-vien-va-dieu-tri\/#primaryimage"},"image":{"@id":"https:\/\/www.ngheanhospital.com\/vi\/nhap-vien-va-dieu-tri\/#primaryimage"},"thumbnailUrl":"https:\/\/ngheanhospital.com\/wp-content\/uploads\/2025\/05\/Dang-ky-kham-va-nhap-vien-scaled.png","datePublished":"2025-05-15T06:14:20+00:00","dateModified":"2025-05-21T07:24:15+00:00","breadcrumb":{"@id":"https:\/\/www.ngheanhospital.com\/vi\/nhap-vien-va-dieu-tri\/#breadcrumb"},"inLanguage":"en-US","potentialAction":[{"@type":"ReadAction","target":["https:\/\/www.ngheanhospital.com\/vi\/nhap-vien-va-dieu-tri\/"]}]},{"@type":"ImageObject","inLanguage":"en-US","@id":"https:\/\/www.ngheanhospital.com\/vi\/nhap-vien-va-dieu-tri\/#primaryimage","url":"https:\/\/ngheanhospital.com\/wp-content\/uploads\/2025\/05\/Dang-ky-kham-va-nhap-vien-scaled.png","contentUrl":"https:\/\/ngheanhospital.com\/wp-content\/uploads\/2025\/05\/Dang-ky-kham-va-nhap-vien-scaled.png","width":2560,"height":1110},{"@type":"BreadcrumbList","@id":"https:\/\/www.ngheanhospital.com\/vi\/nhap-vien-va-dieu-tri\/#breadcrumb","itemListElement":[{"@type":"ListItem","position":1,"name":"Home","item":"https:\/\/ngheanhospital.com\/vi\/"},{"@type":"ListItem","position":2,"name":"H\u01b0\u1edbng d\u1eabn nh\u1eadp vi\u1ec7n v\u00e0 \u0111i\u1ec1u tr\u1ecb"}]},{"@type":"WebSite","@id":"https:\/\/ngheanhospital.com\/vi\/#website","url":"https:\/\/ngheanhospital.com\/vi\/","name":"B\u1ec7nh vi\u1ec7n H\u1eefu ngh\u1ecb \u0110a khoa Ngh\u1ec7 An Giai \u0110o\u1ea1n 2","description":"Ph\u1ee5c v\u1ee5 t\u1eadn t\u00e2m - N\u00e2ng t\u1ea7m y \u0111\u1ee9c","publisher":{"@id":"https:\/\/ngheanhospital.com\/vi\/#organization"},"alternateName":"B\u1ec7nh vi\u1ec7n \u0110a khoa t\u1ec9nh Ngh\u1ec7 An, B\u1ec7nh vi\u1ec7n HN\u0110KNA, B\u1ec7nh vi\u1ec7n HN\u0110K Ngh\u1ec7 An, B\u1ec7nh vi\u1ec7n Ba Lan m\u1edbi","potentialAction":[{"@type":"SearchAction","target":{"@type":"EntryPoint","urlTemplate":"https:\/\/ngheanhospital.com\/vi\/?s={search_term_string}"},"query-input":{"@type":"PropertyValueSpecification","valueRequired":true,"valueName":"search_term_string"}}],"inLanguage":"en-US"},{"@type":"Organization","@id":"https:\/\/ngheanhospital.com\/vi\/#organization","name":"B\u1ec7nh vi\u1ec7n H\u1eefu ngh\u1ecb \u0110a khoa Ngh\u1ec7 An - Giai \u0111o\u1ea1n 2","alternateName":"B\u1ec7nh vi\u1ec7n \u0110a khoa t\u1ec9nh Ngh\u1ec7 An, B\u1ec7nh vi\u1ec7n HN\u0110KNA, B\u1ec7nh vi\u1ec7n HN\u0110K Ngh\u1ec7 An, B\u1ec7nh vi\u1ec7n Ba Lan m\u1edbi","url":"https:\/\/ngheanhospital.com\/vi\/","logo":{"@type":"ImageObject","inLanguage":"en-US","@id":"https:\/\/ngheanhospital.com\/vi\/#\/schema\/logo\/image\/","url":"https:\/\/ngheanhospital.vn\/wp-content\/uploads\/2024\/08\/LOGO-NAH.png","contentUrl":"https:\/\/ngheanhospital.vn\/wp-content\/uploads\/2024\/08\/LOGO-NAH.png","width":4152,"height":1610,"caption":"B\u1ec7nh vi\u1ec7n H\u1eefu ngh\u1ecb \u0110a khoa Ngh\u1ec7 An - Giai \u0111o\u1ea1n 2"},"image":{"@id":"https:\/\/ngheanhospital.com\/vi\/#\/schema\/logo\/image\/"},"sameAs":["https:\/\/www.facebook.com\/ngheanhospital"],"description":"B\u1ec7nh vi\u1ec7n H\u1eefu ngh\u1ecb \u0110a khoa Ngh\u1ec7 An - Giai \u0111o\u1ea1n 2 N\u0103m 2016, B\u1ec7nh vi\u1ec7n H\u1eefu ngh\u1ecb \u0110a khoa Ngh\u1ec7 An - Giai \u0111o\u1ea1n 2 \u0111\u01b0\u1ee3c \u0111\u01b0\u1ee3c kh\u1edfi c\u00f4ng x\u00e2y d\u1ef1ng, l\u00e0 b\u1ec7nh vi\u1ec7n \u0111\u1ea7u ti\u00ean c\u1ee7a khu v\u1ef1c B\u1eafc Trung B\u1ed9 ho\u1ea1t \u0111\u1ed9ng theo h\u00ecnh th\u1ee9c h\u1ee3p t\u00e1c c\u00f4ng - t\u01b0 v\u1edbi ti\u00eau chu\u1ea9n b\u1ec7nh vi\u1ec7n cao c\u1ea5p. \u0110\u01b0\u1ee3c \u0111\u1ea7u t\u01b0 to\u00e0n di\u1ec7n t\u1eeb h\u1ea1 t\u1ea7ng c\u01a1 s\u1edf v\u1eadt ch\u1ea5t, ch\u1ea5t l\u01b0\u1ee3ng nh\u00e2n s\u1ef1 cho t\u1edbi thi\u1ebft b\u1ecb hi\u1ec7n \u0111\u1ea1i, d\u1eabn \u0111\u1ea7u c\u00f4ng ngh\u1ec7 y khoa, B\u1ec7nh vi\u1ec7n H\u1eefu ngh\u1ecb \u0110a khoa Ngh\u1ec7 An - Giai \u0111o\u1ea1n 2 h\u1ee9a h\u1eb9n s\u1ebd l\u00e0 \u0111\u1ecba ch\u1ec9 kh\u00e1m ch\u1eefa b\u1ec7nh v\u00e0 ch\u0103m s\u00f3c s\u1ee9c kh\u1ecfe \u0111\u01b0\u1ee3c nhi\u1ec1u kh\u00e1ch h\u00e0ng tin t\u01b0\u1edfng l\u1ef1a ch\u1ecdn v\u1edbi nh\u1eefng \u01b0u \u0111i\u1ec3m n\u1ed5i b\u1eadt: star-icon Quy m\u00f4 600 gi\u01b0\u1eddng n\u1ed9i tr\u00fa v\u1edbi g\u1ea7n 20 chuy\u00ean khoa l\u00e2m s\u00e0ng & c\u1eadn l\u00e2m s\u00e0ng star-icon \u0110\u1ed9i ng\u0169 h\u01a1n 300 y b\u00e1c s\u0129 gi\u00e0u kinh nghi\u1ec7m, t\u1eadn t\u00e2m, nhi\u1ec7t huy\u1ebft star-icon H\u1ec7 th\u1ed1ng trang thi\u1ebft b\u1ecb hi\u1ec7n \u0111\u1ea1i, d\u1eabn \u0111\u1ea7u ti\u1ebfn b\u1ed9 c\u1ee7a y h\u1ecdc star-icon D\u1ecbch v\u1ee5 ch\u0103m s\u00f3c s\u1ee9c kh\u1ecfe to\u00e0n di\u1ec7n chu\u1ea9n qu\u1ed1c t\u1ebf","email":"info@ngheanhospital.com","telephone":"0238 397 6666","legalName":"B\u1ec7nh vi\u1ec7n H\u1eefu ngh\u1ecb \u0110a khoa Ngh\u1ec7 An - Giai \u0111o\u1ea1n 2","foundingDate":"2025-01-24","numberOfEmployees":{"@type":"QuantitativeValue","minValue":"201","maxValue":"500"}}]}},"_links":{"self":[{"href":"https:\/\/ngheanhospital.com\/en\/wp-json\/wp\/v2\/pages\/1108","targetHints":{"allow":["GET"]}}],"collection":[{"href":"https:\/\/ngheanhospital.com\/en\/wp-json\/wp\/v2\/pages"}],"about":[{"href":"https:\/\/ngheanhospital.com\/en\/wp-json\/wp\/v2\/types\/page"}],"author":[{"embeddable":true,"href":"https:\/\/ngheanhospital.com\/en\/wp-json\/wp\/v2\/users\/3"}],"replies":[{"embeddable":true,"href":"https:\/\/ngheanhospital.com\/en\/wp-json\/wp\/v2\/comments?post=1108"}],"version-history":[{"count":7,"href":"https:\/\/ngheanhospital.com\/en\/wp-json\/wp\/v2\/pages\/1108\/revisions"}],"predecessor-version":[{"id":1180,"href":"https:\/\/ngheanhospital.com\/en\/wp-json\/wp\/v2\/pages\/1108\/revisions\/1180"}],"wp:featuredmedia":[{"embeddable":true,"href":"https:\/\/ngheanhospital.com\/en\/wp-json\/wp\/v2\/media\/1179"}],"wp:attachment":[{"href":"https:\/\/ngheanhospital.com\/en\/wp-json\/wp\/v2\/media?parent=1108"}],"curies":[{"name":"wp","href":"https:\/\/api.w.org\/{rel}","templated":true}]}}